{"id":973,"date":"2024-04-16T00:37:22","date_gmt":"2024-04-15T23:37:22","guid":{"rendered":"https:\/\/clipsoillum.com\/?page_id=973"},"modified":"2024-04-28T20:12:15","modified_gmt":"2024-04-28T19:12:15","slug":"empresa","status":"publish","type":"page","link":"https:\/\/clipsoillum.com\/es\/empresa\/","title":{"rendered":"Empresa"},"content":{"rendered":"<div class=\"wpb-content-wrapper\"><div class=\"vc_row wpb_row vc_row-fluid edgtf-section edgtf-content-aligment-left\" style=\"\"><div class=\"clearfix edgtf-full-section-inner\"><div data-vc-parallax=\"1.5\" data-vc-parallax-o-fade=\"on\" data-vc-parallax-image=\"https:\/\/clipsoillum.com\/wp-content\/uploads\/2024\/04\/Vallviva-15-07-2023-397-scaled.jpg\" class=\"wpb_column vc_column_container vc_col-sm-12 vc_col-has-fill vc_general vc_parallax vc_parallax-content-moving-fade js-vc_parallax-o-fade\"><div class=\"vc_column-inner vc_custom_1713226829732\"><div class=\"wpb_wrapper\">\n\t<div class=\"wpb_text_column wpb_content_element vc_custom_1713264142447\" >\n\t\t<div class=\"wpb_wrapper\">\n\t\t\t<h2 style=\"text-align: center;\"><span style=\"color: #ffffff;\">L&#8217;EMPRESA<\/span><\/h2>\n\n\t\t<\/div>\n\t<\/div>\n<\/div><\/div><\/div><\/div><\/div><div class=\"vc_row wpb_row vc_row-fluid edgtf-section edgtf-content-aligment-left edgtf-grid-section\" style=\"\"><div class=\"clearfix edgtf-section-inner\"><div class=\"edgtf-section-inner-margin clearfix\"><div class=\"wpb_column vc_column_container vc_col-sm-12\"><div class=\"vc_column-inner vc_custom_1713225330188\"><div class=\"wpb_wrapper\">\n\t<div class=\"wpb_text_column wpb_content_element vc_custom_1714331239391\" >\n\t\t<div class=\"wpb_wrapper\">\n\t\t\t<h4 style=\"text-align: left;\"><strong>CLIP So Llum i Imatge<\/strong> \u00e9s una empresa fundada a Olot (Girona) l&#8217;any 2003 per un grup de professionals de l&#8217;espectacle i m\u00fasics, aportant a la comarca de la Garrotxa un servei que fins aleshores estava desocupat.<\/h4>\n<h4 style=\"text-align: left;\">Som prove\u00efdors de tot tipus de material audiovisual.<\/h4>\n<h4 style=\"text-align: left;\">Aportem a CLIP un esperit d&#8217;il\u00b7lusi\u00f3 i experi\u00e8ncia que sumats donen com a resultat un segell de qualitat per a cada servei que portem a terme.<\/h4>\n<p>&nbsp;<\/p>\n<p>&nbsp;<\/p>\n<h4 style=\"text-align: left;\">Oferim un <strong>servei audiovisual integral<\/strong> adaptat a qualsevol tipus de projecte. N&#8217;estudiem les caracter\u00edstiques i dissenyem el muntatge amb el material que m\u00e9s s&#8217;adapta a l&#8217;esdeveniment.<\/h4>\n\n\t\t<\/div>\n\t<\/div>\n\n\t<div class=\"wpb_text_column wpb_content_element vc_custom_1713225293047\" >\n\t\t<div class=\"wpb_wrapper\">\n\t\t\t<h4>Duem a terme una constant renovaci\u00f3 i\/o actualitzaci\u00f3 de productes per tal de poder oferir un servei adequat a les necessitats d&#8217;un mercat tecnol\u00f2gic que est\u00e0 en constant canvi i evoluci\u00f3.<\/h4>\n\n\t\t<\/div>\n\t<\/div>\n<\/div><\/div><\/div><\/div><\/div><\/div><div class=\"vc_row wpb_row vc_row-fluid edgtf-section vc_custom_1713225759717 edgtf-content-aligment-center edgtf-grid-section\" style=\"\"><div class=\"clearfix edgtf-section-inner\"><div class=\"edgtf-section-inner-margin clearfix\"><div class=\"wpb_column vc_column_container vc_col-sm-6\"><div class=\"vc_column-inner vc_custom_1586187094503\"><div class=\"wpb_wrapper\">\n\t<div class=\"wpb_text_column wpb_content_element vc_custom_1713225442483\" >\n\t\t<div class=\"wpb_wrapper\">\n\t\t\t<h2 style=\"text-align: left;\">Formaci\u00f3<\/h2>\n\n\t\t<\/div>\n\t<\/div>\n\n\t<div class=\"wpb_text_column wpb_content_element\" >\n\t\t<div class=\"wpb_wrapper\">\n\t\t\t<h4 style=\"text-align: left;\">Un dels pilars fonamentals de la nostra empresa \u00e9s la formaci\u00f3 cont\u00ednua. \u00c9s per aix\u00f2 que oferim tots els nostres productes a porta oberta de tot el nostre personal t\u00e8cnic per tal que puguin formar-se de manera individual.<\/h4>\n<h4><\/h4>\n<h4 style=\"text-align: left;\">A m\u00e9s, de forma regular, oferim cursos presencials amb instructors oficials dels nostres equips, taules de so, material d&#8217;il\u00b7luminaci\u00f3, etc.<\/h4>\n<p>&nbsp;<\/p>\n<h4 style=\"text-align: left;\"><strong>Col\u00b7laborem amb escoles de formaci\u00f3 oficial<\/strong> per tal que els alumnes puguin desenvolupar classes pr\u00e0ctiques amb el nostre material. De la mateixa manera oferim que es puguin dur a terme classes en escenaris reals per veure i aprendre tot el proc\u00e9s de muntatge, funcionament i desmuntatge d&#8217;un esdeveniment.<\/h4>\n\n\t\t<\/div>\n\t<\/div>\n<\/div><\/div><\/div><div class=\"wpb_column vc_column_container vc_col-sm-6\"><div class=\"vc_column-inner vc_custom_1713225644219\"><div class=\"wpb_wrapper\">\n\t<div class=\"wpb_text_column wpb_content_element\" >\n\t\t<div class=\"wpb_wrapper\">\n\t\t\t\n\n\t\t<\/div>\n\t<\/div>\n<\/div><\/div><\/div><\/div><\/div><\/div><div class=\"vc_row wpb_row vc_row-fluid edgtf-section vc_custom_1713225713454 edgtf-content-aligment-center edgtf-grid-section\" style=\"\"><div class=\"clearfix edgtf-section-inner\"><div class=\"edgtf-section-inner-margin clearfix\"><div class=\"wpb_column vc_column_container vc_col-sm-3\"><div class=\"vc_column-inner vc_custom_1713225726861\"><div class=\"wpb_wrapper\">\n\t<div  class=\"wpb_single_image wpb_content_element vc_align_center wpb_content_element\">\n\t\t\n\t\t<figure class=\"wpb_wrapper vc_figure\">\n\t\t\t<div class=\"vc_single_image-wrapper   vc_box_border_grey\"><img decoding=\"async\" class=\"vc_single_image-img\" src=\"https:\/\/clipsoillum.com\/wp-content\/uploads\/2021\/10\/CLIP-ACADEMY.jpg\" width=\"300\" height=\"300\" alt=\"CLIP ACADEMY\" title=\"CLIP ACADEMY\" loading=\"lazy\" \/><\/div>\n\t\t<\/figure>\n\t<\/div>\n<\/div><\/div><\/div><div class=\"wpb_column vc_column_container vc_col-sm-9\"><div class=\"vc_column-inner vc_custom_1713225660292\"><div class=\"wpb_wrapper\">\n\t<div class=\"wpb_text_column wpb_content_element\" >\n\t\t<div class=\"wpb_wrapper\">\n\t\t\t<h4>L&#8217;any 2020 neix el projecte <strong>CLIP Academy\u00a0<\/strong>l&#8217;objectiu del qual \u00e9s apropar el sector audiovisual als joves de la ciutat i comarca, oferint-los una formaci\u00f3 te\u00f2rica i pr\u00e0ctica b\u00e0sica a les nostres instal\u00b7lacions. Aix\u00ed com jornades de pr\u00e0ctiques reals amb assessorament t\u00e8cnic als muntatges que duu a terme l&#8217;empresa.<\/h4>\n<p>&nbsp;<\/p>\n<p>&nbsp;<\/p>\n<h4>No dubteu en contactar amb nosaltres per a m\u00e9s informaci\u00f3 sobre el projecte CLIP Academy. Ho podeu fer a trav\u00e9s d&#8217;aquest <a href=\"https:\/\/clipsoillum.com\/es\/contacte\/\">formulari de contacte<\/a>.<\/h4>\n\n\t\t<\/div>\n\t<\/div>\n<\/div><\/div><\/div><\/div><\/div><\/div><div class=\"vc_row wpb_row vc_row-fluid edgtf-section vc_custom_1713225805831 edgtf-content-aligment-center edgtf-grid-section\" style=\"\"><div class=\"clearfix edgtf-section-inner\"><div class=\"edgtf-section-inner-margin clearfix\"><div class=\"wpb_column vc_column_container vc_col-sm-12\"><div class=\"vc_column-inner vc_custom_1586187094503\"><div class=\"wpb_wrapper\">\n\t<div class=\"wpb_text_column wpb_content_element vc_custom_1714330696768\" >\n\t\t<div class=\"wpb_wrapper\">\n\t\t\t<h2 style=\"text-align: left;\">Renovaci\u00f3 i sostenibilitat<\/h2>\n\n\t\t<\/div>\n\t<\/div>\n\n\t<div class=\"wpb_text_column wpb_content_element vc_custom_1714330792046\" >\n\t\t<div class=\"wpb_wrapper\">\n\t\t\t<h4 style=\"text-align: left;\">Som una empresa que creu en la constant renovaci\u00f3 del material t\u00e8cnic, donada la vida dels components o la constant actualitzaci\u00f3 dels productes al mercat o la r\u00e0pida innovaci\u00f3 tecnol\u00f2gica.<\/h4>\n<p>&nbsp;<\/p>\n<p>&nbsp;<\/p>\n<h4 style=\"text-align: left;\">En el nostre <strong>comprom\u00eds per l&#8217;excel\u00b7l\u00e8ncia<\/strong>, apostem per les \u00faltimes tecnologies del mercat amb les primeres marques que ens permetran oferir un servei excepcional i, a la vegada, un m\u00ednim impacte ambiental.<\/h4>\n<p>&nbsp;<\/p>\n<p>&nbsp;<\/p>\n<h4 style=\"text-align: left;\">En el proc\u00e9s de renovaci\u00f3, tamb\u00e9 ens assegurem de seleccionar equips i tecnologies que compleixin amb els<strong> est\u00e0ndards m\u00e9s alts de sostenibilitat i efici\u00e8ncia energ\u00e8tica<\/strong>. D&#8217;aquesta forma, no nom\u00e9s millorarem la qualitat dels serveis, sin\u00f2 que tamb\u00e9 demostrarem el nostre comprom\u00eds amb el medi ambient.<\/h4>\n<p>&nbsp;<\/p>\n<p>&nbsp;<\/p>\n<h4 style=\"text-align: left;\">Oferim <strong>venda de material d&#8217;ocasi\u00f3<\/strong> per poder allargar la vida d&#8217;aquells productes encara en funcionament.<\/h4>\n\n\t\t<\/div>\n\t<\/div>\n<\/div><\/div><\/div><\/div><\/div><\/div><div class=\"vc_row wpb_row vc_row-fluid edgtf-section vc_custom_1713226296323 edgtf-content-aligment-left edgtf-grid-section\" style=\"\"><div class=\"clearfix edgtf-section-inner\"><div class=\"edgtf-section-inner-margin clearfix\"><div class=\"wpb_column vc_column_container vc_col-sm-12\"><div class=\"vc_column-inner vc_custom_1586190595770\"><div class=\"wpb_wrapper\">\n\t<div class=\"wpb_text_column wpb_content_element vc_custom_1713226114991\" >\n\t\t<div class=\"wpb_wrapper\">\n\t\t\t<h2 style=\"text-align: left;\">El nostre equip<\/h2>\n\n\t\t<\/div>\n\t<\/div>\n<\/div><\/div><\/div><\/div><\/div><\/div><div class=\"vc_row wpb_row vc_row-fluid edgtf-section vc_custom_1713226285487 edgtf-content-aligment-left edgtf-grid-section\" style=\"\"><div class=\"clearfix edgtf-section-inner\"><div class=\"edgtf-section-inner-margin clearfix\"><div class=\"wpb_animate_when_almost_visible wpb_fadeInDown fadeInDown wpb_column vc_column_container vc_col-sm-3\"><div class=\"vc_column-inner\"><div class=\"wpb_wrapper\">\n<div class=\"edgtf-team main-info-below-image\">\n\t<div class=\"edgtf-team-inner\">\n                    <div class=\"edgtf-team-image\">\n                                    <img decoding=\"async\" src=\"https:\/\/clipsoillum.com\/wp-content\/uploads\/2020\/04\/Person-ico-copia.png\" alt=\"edgtf-team-image\"\/>\n                            <\/div>\n        \t\t\t\t\t<div class=\"edgtf-team-info\">\n\t\t\t\t\t\t\t\t\t<div class=\"edgtf-team-title-holder normal_social\">\n\t\t\t\t\t\t\t\t\t\t\t\t\t<h6 class=\"edgtf-team-name\">\n\t\t\t\t\t\t\t\tQuim Morera\t\t\t\t\t\t\t<\/h6>\n\t\t\t\t\t\t\t\t\t\t\t\t\t\t\t\t\t\t\t<span class=\"edgtf-team-position\">CEO<\/span>\n\t\t\t\t\t\t\t\t\t\t\t<\/div>\n\t\t\t\t\n\t\t\t\t\n\t\t<div class=\"edgtf-team-social-holder-between\">\n\t\t\t<div class=\"edgtf-team-social normal_social\">\n\t\t\t\t<div class=\"edgtf-team-social-inner\">\n\t\t\t\t\t<div class=\"edgtf-team-social-wrapp\">\n\n\t\t\t\t\t\t\n\t\t\t\t\t<\/div>\n\t\t\t\t<\/div>\n\t\t\t<\/div>\n\t\t<\/div>\n\n\t\t<\/div>\n\t<\/div>\n<\/div><\/div><\/div><\/div><div class=\"wpb_animate_when_almost_visible wpb_fadeInDown fadeInDown wpb_column vc_column_container vc_col-sm-3\"><div class=\"vc_column-inner\"><div class=\"wpb_wrapper\">\n<div class=\"edgtf-team main-info-below-image\">\n\t<div class=\"edgtf-team-inner\">\n                    <div class=\"edgtf-team-image\">\n                                    <img decoding=\"async\" src=\"https:\/\/clipsoillum.com\/wp-content\/uploads\/2020\/04\/Person-ico-copia.png\" alt=\"edgtf-team-image\"\/>\n                            <\/div>\n        \t\t\t\t\t<div class=\"edgtf-team-info\">\n\t\t\t\t\t\t\t\t\t<div class=\"edgtf-team-title-holder normal_social\">\n\t\t\t\t\t\t\t\t\t\t\t\t\t<h6 class=\"edgtf-team-name\">\n\t\t\t\t\t\t\t\tAlbert Pujol\t\t\t\t\t\t\t<\/h6>\n\t\t\t\t\t\t\t\t\t\t\t\t\t\t\t\t\t\t\t<span class=\"edgtf-team-position\">Administraci\u00f3<\/span>\n\t\t\t\t\t\t\t\t\t\t\t<\/div>\n\t\t\t\t\n\t\t\t\t\n\t\t<div class=\"edgtf-team-social-holder-between\">\n\t\t\t<div class=\"edgtf-team-social normal_social\">\n\t\t\t\t<div class=\"edgtf-team-social-inner\">\n\t\t\t\t\t<div class=\"edgtf-team-social-wrapp\">\n\n\t\t\t\t\t\t\n\t\t\t\t\t<\/div>\n\t\t\t\t<\/div>\n\t\t\t<\/div>\n\t\t<\/div>\n\n\t\t<\/div>\n\t<\/div>\n<\/div><\/div><\/div><\/div><div class=\"wpb_animate_when_almost_visible wpb_fadeInDown fadeInDown wpb_column vc_column_container vc_col-sm-3\"><div class=\"vc_column-inner\"><div class=\"wpb_wrapper\">\n<div class=\"edgtf-team main-info-below-image\">\n\t<div class=\"edgtf-team-inner\">\n                    <div class=\"edgtf-team-image\">\n                                    <img decoding=\"async\" src=\"https:\/\/clipsoillum.com\/wp-content\/uploads\/2020\/04\/Person-ico-copia.png\" alt=\"edgtf-team-image\"\/>\n                            <\/div>\n        \t\t\t\t\t<div class=\"edgtf-team-info\">\n\t\t\t\t\t\t\t\t\t<div class=\"edgtf-team-title-holder normal_social\">\n\t\t\t\t\t\t\t\t\t\t\t\t\t<h6 class=\"edgtf-team-name\">\n\t\t\t\t\t\t\t\tMart\u00ed Juli\u00e0\t\t\t\t\t\t\t<\/h6>\n\t\t\t\t\t\t\t\t\t\t\t\t\t\t\t\t\t\t\t<span class=\"edgtf-team-position\">Producci\u00f3<\/span>\n\t\t\t\t\t\t\t\t\t\t\t<\/div>\n\t\t\t\t\n\t\t\t\t\n\t\t<div class=\"edgtf-team-social-holder-between\">\n\t\t\t<div class=\"edgtf-team-social normal_social\">\n\t\t\t\t<div class=\"edgtf-team-social-inner\">\n\t\t\t\t\t<div class=\"edgtf-team-social-wrapp\">\n\n\t\t\t\t\t\t\n\t\t\t\t\t<\/div>\n\t\t\t\t<\/div>\n\t\t\t<\/div>\n\t\t<\/div>\n\n\t\t<\/div>\n\t<\/div>\n<\/div><\/div><\/div><\/div><div class=\"wpb_animate_when_almost_visible wpb_fadeInDown fadeInDown wpb_column vc_column_container vc_col-sm-3\"><div class=\"vc_column-inner\"><div class=\"wpb_wrapper\">\n<div class=\"edgtf-team main-info-below-image\">\n\t<div class=\"edgtf-team-inner\">\n                    <div class=\"edgtf-team-image\">\n                                    <img decoding=\"async\" src=\"https:\/\/clipsoillum.com\/wp-content\/uploads\/2020\/04\/Person-ico-copia.png\" alt=\"edgtf-team-image\"\/>\n                            <\/div>\n        \t\t\t\t\t<div class=\"edgtf-team-info\">\n\t\t\t\t\t\t\t\t\t<div class=\"edgtf-team-title-holder normal_social\">\n\t\t\t\t\t\t\t\t\t\t\t\t\t<h6 class=\"edgtf-team-name\">\n\t\t\t\t\t\t\t\tRaquel Pujolar\t\t\t\t\t\t\t<\/h6>\n\t\t\t\t\t\t\t\t\t\t\t\t\t\t\t\t\t\t\t<span class=\"edgtf-team-position\">Producci\u00f3<\/span>\n\t\t\t\t\t\t\t\t\t\t\t<\/div>\n\t\t\t\t\n\t\t\t\t\n\t\t<div class=\"edgtf-team-social-holder-between\">\n\t\t\t<div class=\"edgtf-team-social normal_social\">\n\t\t\t\t<div class=\"edgtf-team-social-inner\">\n\t\t\t\t\t<div class=\"edgtf-team-social-wrapp\">\n\n\t\t\t\t\t\t\n\t\t\t\t\t<\/div>\n\t\t\t\t<\/div>\n\t\t\t<\/div>\n\t\t<\/div>\n\n\t\t<\/div>\n\t<\/div>\n<\/div><\/div><\/div><\/div><\/div><\/div><\/div><div class=\"vc_row wpb_row vc_row-fluid edgtf-section vc_custom_1713226390569 edgtf-content-aligment-center\" style=\"\"><div class=\"clearfix edgtf-full-section-inner\"><div class=\"wpb_column vc_column_container vc_col-sm-4\"><div class=\"vc_column-inner vc_custom_1586192573513\"><div class=\"wpb_wrapper\"><\/div><\/div><\/div><div class=\"wpb_column vc_column_container vc_col-sm-4\"><div class=\"vc_column-inner\"><div class=\"wpb_wrapper\">\n\t<div class=\"wpb_text_column wpb_content_element vc_custom_1713226149682\" >\n\t\t<div class=\"wpb_wrapper\">\n\t\t\t<h2>T&#8217;assessorem?<\/h2>\n\n\t\t<\/div>\n\t<\/div>\n<a href=\"https:\/\/clipsoillum.com\/es\/contacte\/\" target=\"_self\" style=\"color: #ffffff;background-color: rgba(73,73,73,0.6);border-color: rgba(0,0,0,0.01);font-size: 20px;font-weight: 500\" class=\"edgtf-btn edgtf-btn-medium edgtf-btn-solid edgtf-btn-custom-hover-bg edgtf-btn-custom-border-hover edgtf-btn-custom-hover-color\" data-hover-bg-color=\"rgba(73,73,73,0.8)\" data-hover-color=\"#ffffff\" data-hover-border-color=\"rgba(73,73,73,0.8)\" >\n    <span class=\"edgtf-btn-text\">Contacta&#039;ns<\/span>\n    <\/a><\/div><\/div><\/div><div class=\"wpb_column vc_column_container vc_col-sm-4\"><div class=\"vc_column-inner\"><div class=\"wpb_wrapper\"><\/div><\/div><\/div><\/div><\/div><div class=\"vc_row wpb_row vc_row-fluid edgtf-section edgtf-content-aligment-left\" style=\"\"><div class=\"clearfix edgtf-full-section-inner\"><div class=\"wpb_column vc_column_container vc_col-sm-12\"><div class=\"vc_column-inner\"><div class=\"wpb_wrapper\"><div class=\"vc_empty_space\"   style=\"height: 80px\"><span class=\"vc_empty_space_inner\"><\/span><\/div><\/div><\/div><\/div><\/div><\/div>\n<\/div>","protected":false},"excerpt":{"rendered":"L'EMPRESA CLIP So Llum i Imatge \u00e9s una empresa fundada a Olot (Girona) l'any 2003 per un grup de professionals de l'espectacle i m\u00fasics, aportant a la comarca de la Garrotxa un servei que fins aleshores estava desocupat. Som prove\u00efdors de tot tipus de material [...]","protected":false},"author":3,"featured_media":0,"parent":0,"menu_order":0,"comment_status":"closed","ping_status":"closed","template":"full-width.php","meta":{"footnotes":""},"class_list":["post-973","page","type-page","status-publish","hentry"],"yoast_head":"<!-- This site is optimized with the Yoast SEO plugin v24.8.1 - https:\/\/yoast.com\/wordpress\/plugins\/seo\/ -->\n<title>Empresa - CLIP So\/Llum\/Imatge<\/title>\n<meta name=\"robots\" content=\"index, follow, max-snippet:-1, max-image-preview:large, max-video-preview:-1\" \/>\n<link rel=\"canonical\" href=\"https:\/\/clipsoillum.com\/es\/empresa\/\" \/>\n<meta property=\"og:locale\" content=\"es_ES\" \/>\n<meta property=\"og:type\" content=\"article\" \/>\n<meta property=\"og:title\" content=\"Empresa - CLIP So\/Llum\/Imatge\" \/>\n<meta property=\"og:url\" content=\"https:\/\/clipsoillum.com\/es\/empresa\/\" \/>\n<meta property=\"og:site_name\" content=\"CLIP So\/Llum\/Imatge\" \/>\n<meta property=\"article:publisher\" content=\"http:\/\/www.facebook.com\/clipsollumimatge\" \/>\n<meta property=\"article:modified_time\" content=\"2024-04-28T19:12:15+00:00\" \/>\n<meta name=\"twitter:card\" content=\"summary_large_image\" \/>\n<meta name=\"twitter:label1\" content=\"Tiempo de lectura\" \/>\n\t<meta name=\"twitter:data1\" content=\"6 minutos\" \/>\n<script type=\"application\/ld+json\" class=\"yoast-schema-graph\">{\"@context\":\"https:\/\/schema.org\",\"@graph\":[{\"@type\":\"WebPage\",\"@id\":\"https:\/\/clipsoillum.com\/empresa\/\",\"url\":\"https:\/\/clipsoillum.com\/empresa\/\",\"name\":\"Empresa - CLIP So\/Llum\/Imatge\",\"isPartOf\":{\"@id\":\"https:\/\/clipsoillum.com\/#website\"},\"datePublished\":\"2024-04-15T23:37:22+00:00\",\"dateModified\":\"2024-04-28T19:12:15+00:00\",\"breadcrumb\":{\"@id\":\"https:\/\/clipsoillum.com\/empresa\/#breadcrumb\"},\"inLanguage\":\"es\",\"potentialAction\":[{\"@type\":\"ReadAction\",\"target\":[\"https:\/\/clipsoillum.com\/empresa\/\"]}]},{\"@type\":\"BreadcrumbList\",\"@id\":\"https:\/\/clipsoillum.com\/empresa\/#breadcrumb\",\"itemListElement\":[{\"@type\":\"ListItem\",\"position\":1,\"name\":\"Portada\",\"item\":\"https:\/\/clipsoillum.com\/\"},{\"@type\":\"ListItem\",\"position\":2,\"name\":\"Empresa\"}]},{\"@type\":\"WebSite\",\"@id\":\"https:\/\/clipsoillum.com\/#website\",\"url\":\"https:\/\/clipsoillum.com\/\",\"name\":\"CLIP So\/Llum\/Imatge\",\"description\":\"\",\"publisher\":{\"@id\":\"https:\/\/clipsoillum.com\/#organization\"},\"potentialAction\":[{\"@type\":\"SearchAction\",\"target\":{\"@type\":\"EntryPoint\",\"urlTemplate\":\"https:\/\/clipsoillum.com\/?s={search_term_string}\"},\"query-input\":{\"@type\":\"PropertyValueSpecification\",\"valueRequired\":true,\"valueName\":\"search_term_string\"}}],\"inLanguage\":\"es\"},{\"@type\":\"Organization\",\"@id\":\"https:\/\/clipsoillum.com\/#organization\",\"name\":\"Clip So\/Llum\/Imatge\",\"url\":\"https:\/\/clipsoillum.com\/\",\"logo\":{\"@type\":\"ImageObject\",\"inLanguage\":\"es\",\"@id\":\"https:\/\/clipsoillum.com\/#\/schema\/logo\/image\/\",\"url\":\"\",\"contentUrl\":\"\",\"caption\":\"Clip So\/Llum\/Imatge\"},\"image\":{\"@id\":\"https:\/\/clipsoillum.com\/#\/schema\/logo\/image\/\"},\"sameAs\":[\"http:\/\/www.facebook.com\/clipsollumimatge\",\"https:\/\/www.instagram.com\/clip_so_llum_imatge\/\"]}]}<\/script>\n<!-- \/ Yoast SEO plugin. -->","yoast_head_json":{"title":"Empresa - CLIP So\/Llum\/Imatge","robots":{"index":"index","follow":"follow","max-snippet":"max-snippet:-1","max-image-preview":"max-image-preview:large","max-video-preview":"max-video-preview:-1"},"canonical":"https:\/\/clipsoillum.com\/es\/empresa\/","og_locale":"es_ES","og_type":"article","og_title":"Empresa - CLIP So\/Llum\/Imatge","og_url":"https:\/\/clipsoillum.com\/es\/empresa\/","og_site_name":"CLIP So\/Llum\/Imatge","article_publisher":"http:\/\/www.facebook.com\/clipsollumimatge","article_modified_time":"2024-04-28T19:12:15+00:00","twitter_card":"summary_large_image","twitter_misc":{"Tiempo de lectura":"6 minutos"},"schema":{"@context":"https:\/\/schema.org","@graph":[{"@type":"WebPage","@id":"https:\/\/clipsoillum.com\/empresa\/","url":"https:\/\/clipsoillum.com\/empresa\/","name":"Empresa - CLIP So\/Llum\/Imatge","isPartOf":{"@id":"https:\/\/clipsoillum.com\/#website"},"datePublished":"2024-04-15T23:37:22+00:00","dateModified":"2024-04-28T19:12:15+00:00","breadcrumb":{"@id":"https:\/\/clipsoillum.com\/empresa\/#breadcrumb"},"inLanguage":"es","potentialAction":[{"@type":"ReadAction","target":["https:\/\/clipsoillum.com\/empresa\/"]}]},{"@type":"BreadcrumbList","@id":"https:\/\/clipsoillum.com\/empresa\/#breadcrumb","itemListElement":[{"@type":"ListItem","position":1,"name":"Portada","item":"https:\/\/clipsoillum.com\/"},{"@type":"ListItem","position":2,"name":"Empresa"}]},{"@type":"WebSite","@id":"https:\/\/clipsoillum.com\/#website","url":"https:\/\/clipsoillum.com\/","name":"CLIP So\/Llum\/Imatge","description":"","publisher":{"@id":"https:\/\/clipsoillum.com\/#organization"},"potentialAction":[{"@type":"SearchAction","target":{"@type":"EntryPoint","urlTemplate":"https:\/\/clipsoillum.com\/?s={search_term_string}"},"query-input":{"@type":"PropertyValueSpecification","valueRequired":true,"valueName":"search_term_string"}}],"inLanguage":"es"},{"@type":"Organization","@id":"https:\/\/clipsoillum.com\/#organization","name":"Clip So\/Llum\/Imatge","url":"https:\/\/clipsoillum.com\/","logo":{"@type":"ImageObject","inLanguage":"es","@id":"https:\/\/clipsoillum.com\/#\/schema\/logo\/image\/","url":"","contentUrl":"","caption":"Clip So\/Llum\/Imatge"},"image":{"@id":"https:\/\/clipsoillum.com\/#\/schema\/logo\/image\/"},"sameAs":["http:\/\/www.facebook.com\/clipsollumimatge","https:\/\/www.instagram.com\/clip_so_llum_imatge\/"]}]}},"_links":{"self":[{"href":"https:\/\/clipsoillum.com\/es\/wp-json\/wp\/v2\/pages\/973","targetHints":{"allow":["GET"]}}],"collection":[{"href":"https:\/\/clipsoillum.com\/es\/wp-json\/wp\/v2\/pages"}],"about":[{"href":"https:\/\/clipsoillum.com\/es\/wp-json\/wp\/v2\/types\/page"}],"author":[{"embeddable":true,"href":"https:\/\/clipsoillum.com\/es\/wp-json\/wp\/v2\/users\/3"}],"replies":[{"embeddable":true,"href":"https:\/\/clipsoillum.com\/es\/wp-json\/wp\/v2\/comments?post=973"}],"version-history":[{"count":51,"href":"https:\/\/clipsoillum.com\/es\/wp-json\/wp\/v2\/pages\/973\/revisions"}],"predecessor-version":[{"id":1194,"href":"https:\/\/clipsoillum.com\/es\/wp-json\/wp\/v2\/pages\/973\/revisions\/1194"}],"wp:attachment":[{"href":"https:\/\/clipsoillum.com\/es\/wp-json\/wp\/v2\/media?parent=973"}],"curies":[{"name":"wp","href":"https:\/\/api.w.org\/{rel}","templated":true}]}}