{"id":395,"date":"2020-04-06T11:34:14","date_gmt":"2020-04-06T11:34:14","guid":{"rendered":"https:\/\/www.clipsoillum.com\/?page_id=395"},"modified":"2020-04-06T11:36:40","modified_gmt":"2020-04-06T11:36:40","slug":"avis-legal","status":"publish","type":"page","link":"https:\/\/clipsoillum.com\/es\/avis-legal\/","title":{"rendered":"Av\u00eds legal"},"content":{"rendered":"<div class=\"wpb-content-wrapper\"><div class=\"vc_row wpb_row vc_row-fluid edgtf-section edgtf-content-aligment-left\" style=\"\"><div class=\"clearfix edgtf-full-section-inner\"><div class=\"wpb_column vc_column_container vc_col-sm-12\"><div class=\"vc_column-inner vc_custom_1586169953838\"><div class=\"wpb_wrapper\">\n\t<div class=\"wpb_text_column wpb_content_element wpb_animate_when_almost_visible wpb_fadeIn fadeIn vc_custom_1586172350735\" >\n\t\t<div class=\"wpb_wrapper\">\n\t\t\t<h2>Av\u00eds legal<\/h2>\n\n\t\t<\/div>\n\t<\/div>\n<\/div><\/div><\/div><\/div><\/div><div class=\"vc_row wpb_row vc_row-fluid edgtf-section edgtf-content-aligment-left\" style=\"\"><div class=\"clearfix edgtf-full-section-inner\"><div class=\"wpb_column vc_column_container vc_col-sm-12\"><div class=\"vc_column-inner\"><div class=\"wpb_wrapper\">\n\t<div class=\"wpb_text_column wpb_content_element vc_custom_1586172997457\" >\n\t\t<div class=\"wpb_wrapper\">\n\t\t\t<p>En compliment amb el que estableix la Llei 34\/2002 de 11 de Juliol, de Serveis de la Societat de la Informaci\u00f3 i el Comer\u00e7 Electr\u00f2nic (LSSICE), s&#8217;informa dels seg\u00fcents aspectes legals:<\/p>\n<p>&nbsp;<\/p>\n<h3>PROPIETAT DEL LLOC WEB<\/h3>\n<p>Responsable: CLIP SO, LLUM, IMATGE S.L. (en endavant CLIP)<br \/>\nNif: B55362578<br \/>\nDirecci\u00f3: Carrer Verge de la Guia, 18 Baixos, 17800 \u2013 Olot<br \/>\nTel\u00e8fon: 872 26 12 34<br \/>\nEmail: <a href=\"mailto:info@clipsoillum.com\">info@clipsoillum.com<\/a><br \/>\nRegistre Mercantil de Girona, Tom 3269, Foli 177, Secci\u00f3 8, Full GI-66469<br \/>\nActivitat: Promoci\u00f3 musical, lloguer d\u2019equips audiovisuals, venda d\u2019equips musicals, gesti\u00f3 de sales i instal\u00b7lacions de so, llum i imatge.<\/p>\n<p>&nbsp;<\/p>\n<h3>CONDICIONS GENERALS D&#8217;\u00daS<\/h3>\n<p>El portal web www.clipsoillum.com t\u00e9 com a objecte facilitar al p\u00fablic, en general, el coneixement de les activitats que aquesta organitzaci\u00f3 realitza i dels productes i serveis que presta, per al desenvolupament de la seva activitat.<\/p>\n<p>L&#8217;\u00fas de qualsevol de les funcionalitats del lloc web implica l&#8217;expressa i plena acceptaci\u00f3 de les condicions aqu\u00ed exposades, sense perjudici d&#8217;aquelles particulars que poguessin aplicar a alguns dels serveis concrets oferts a trav\u00e9s del lloc web.<\/p>\n<p>CLIP\u00a0 es reserva la facultat d&#8217;efectuar, en qualsevol moment i sense necessitat de previ av\u00eds, modificacions i actualitzacions de la informaci\u00f3 continguda en la seva web o en la configuraci\u00f3 i presentaci\u00f3 d&#8217;aquesta.<\/p>\n<p>Amb l&#8217;objecte de mantenir actualitzada la informaci\u00f3 publicada al portal web, els continguts de la mateixa podran ser modificats, corregits, eliminats o afegits en qualsevol moment, de manera que ser\u00e0 convenient comprovar la vig\u00e8ncia o exactitud dels mateixos acudint a les fonts oficials.<\/p>\n<p>&nbsp;<\/p>\n<h3>PROPIETAT INTEL\u00b7LECTUAL, INDUSTRIAL I FRAMES<\/h3>\n<p>Tots els elements que formen el lloc web, aix\u00ed com la seva estructura, disseny, codi font, aix\u00ed com els logotips, marques i altres signes distintius que apareixen en la mateixa, s\u00f3n titularitat de CLIP o dels seus col\u00b7laboradors i estan protegits pels corresponents drets de propietat intel\u00b7lectual i industrial.<\/p>\n<p>Igualment estan protegits pels corresponents drets de propietat intel\u00b7lectual i industrial les imatges i altres elements gr\u00e0fics inclosos al lloc web.<\/p>\n<p>CLIP prohibeix expressament la realitzaci\u00f3 de &#8220;framing&#8221; o la utilitzaci\u00f3 per part de tercers de qualssevol altres mecanismes que alterin el disseny, configuraci\u00f3 original o continguts del nostre lloc web.<\/p>\n<p>L&#8217;\u00fas dels continguts ha de respectar la seva llicenciament particular. De tal manera el seu \u00fas, reproducci\u00f3, distribuci\u00f3, comunicaci\u00f3 p\u00fablica, transformaci\u00f3 o qualsevol altra activitat similar o an\u00e0loga, queda totalment prohibida llevat que hi hagi pr\u00e8via i expressa autoritzaci\u00f3 de CLIP.<\/p>\n<p>\u00danicament s&#8217;autoritza la reproducci\u00f3 total o parcial dels textos i continguts proporcionats pel lloc web, sempre que concorrin totes i cadascuna de les seg\u00fcents condicions:<\/p>\n<ol>\n<li>Es mantingui la integritat dels continguts, documents o gr\u00e0fics<br \/>\n2. Es citi expressament a CLIP com a font i origen d&#8217;aquells.<br \/>\n3. El prop\u00f2sit i la finalitat de tal \u00fas sigui compatible amb els fins de la web i \/ o activitat de CLIP.<br \/>\n4. No es pretengui un \u00fas comercial, quedant expressament prohibides la seva distribuci\u00f3, comunicaci\u00f3 p\u00fablica, transformaci\u00f3 o descompilaci\u00f3.<\/li>\n<\/ol>\n<p>Qualsevol altre \u00fas haur\u00e0 de ser comunicat i autoritzat per CLIP, pr\u00e8via i expressament.<\/p>\n<p>Respecte a les cites de productes i serveis de tercers, CLIP reconeix a favor dels seus titulars els corresponents drets de propietat industrial i intel\u00b7lectual, no implicant el seu sol esment o aparici\u00f3 en la web l&#8217;exist\u00e8ncia de drets ni de responsabilitat alguna sobre els mateixos, com tampoc respatller, patrocini o recomanaci\u00f3.<\/p>\n<p>CLIP declara el seu respecte als drets de propietat intel\u00b7lectual i industrial de tercers; per aix\u00f2, si considera que el nostre lloc web poguessin estar violant els seus drets, preguem es posi en contacte amb CLIP.<\/p>\n<p>&nbsp;<\/p>\n<h3>RESPONSABILITAT<\/h3>\n<p>CLIP no garanteix la inexist\u00e8ncia d&#8217;errors en l&#8217;acc\u00e9s a la web, en el seu contingut, ni que aquest es trobi actualitzat, encara que CLIP desenvolupar\u00e0 els seus millors esfor\u00e7os per a, si escau, evitar-los los, resoldre&#8217;ls o actualitzar-los.<\/p>\n<p>Tant l&#8217;acc\u00e9s al lloc web de CLIP, com l&#8217;\u00fas que pugui fer de la informaci\u00f3 continguda en els mateixos \u00e9s de l&#8217;exclusiva responsabilitat de qui ho realitza.<\/p>\n<p>CLIP no es fa responsable de la informaci\u00f3 i continguts emmagatzemats, a t\u00edtol enunciatiu per\u00f2 no limitatiu, en f\u00f2rums, xats, blocs, comentaris, xarxes socials o qualsevol altre mitj\u00e0 que permeti a tercers publicar continguts de la forma independent a la p\u00e0gina web de CLIP.<\/p>\n<p>No obstant aix\u00f2 i en compliment del que disposa la LSSI, CLIP es posa a disposici\u00f3 de tots els usuaris, autoritats i forces de seguretat, i col\u00b7laborant de forma activa en la retirada o si escau bloqueig de tots aquells continguts que poguessin afectar o contravenir la legislaci\u00f3 nacional, o internacional, drets de tercers o la moral i l&#8217;ordre p\u00fablic. En cas que l&#8217;usuari consideri que existeix en el lloc web algun contingut que pogu\u00e9s ser susceptible d&#8217;aquesta classificaci\u00f3, preguem es posi se en contacte amb CLIP.<\/p>\n<p>CLIP no es responsabilitza de les contestacions que es realitzin a trav\u00e9s de les diferents adreces de correu electr\u00f2nic que apareixen al seu lloc web, de manera que en cap cas podr\u00e0 derivar cap efecte jur\u00eddic vinculant de les mateixes.<\/p>\n<p>&nbsp;<\/p>\n<h3>LINKS O HIPERENLLA\u00c7OS<\/h3>\n<p>Els enlla\u00e7os continguts en el nostre lloc web poden dirigir a continguts Web de tercer. L&#8217;objectiu d&#8217;aquests enlla\u00e7os \u00e9s \u00fanicament facilitar-li la recerca dels recursos que li puguin interessar a trav\u00e9s d&#8217;Internet. No obstant aix\u00f2, aquestes p\u00e0gines no pertanyen a CLIP, ni fa una revisi\u00f3 dels seus continguts i, per aix\u00f2, CLIP no assumeix cap responsabilitat pel contingut, informacions o serveis que poguessin apar\u00e8ixer en aquests llocs, que tindran exclusivament car\u00e0cter informatiu i que en cap cas impliquen cap relaci\u00f3 entre CLIP i les persones o entitats titulars de tals continguts o titulars d&#8217;altres llocs on es trobin. CLIP tampoc pot fer-se responsable del funcionament de la p\u00e0gina enlla\u00e7ada o dels possibles danys que puguin derivar de l&#8217;acc\u00e9s o \u00fas de la mateixa.<\/p>\n<p>Els enlla\u00e7os al lloc web de CLIP hauran de respectar les seg\u00fcents condicions:<\/p>\n<ol>\n<li>L&#8217;establiment de l&#8217;enlla\u00e7 no suposar\u00e0 cap tipus d&#8217;acord, contracte, patrocini ni recomanaci\u00f3 per part de CLIP de la p\u00e0gina que realitza l&#8217;enlla\u00e7.<br \/>\n2. La p\u00e0gina web en la qual s&#8217;estableixi l&#8217;hiperenlla\u00e7 no contindr\u00e0 informacions amb continguts que siguin il\u00b7l\u00edcits, discriminatoris, contraris als principis.<br \/>\n3. CLIP pot sol\u00b7licitar que es retiri un enlla\u00e7 al seu web, sense necessitat de al\u00b7legar cap causa. En aquest cas, la p\u00e0gina que hagi realitzat l&#8217;enlla\u00e7 haur\u00e0 de procedir a la seva immediata supressi\u00f3, tan aviat com rebi la notificaci\u00f3 de CLIP.<br \/>\n4. No es responsabilitza de cap manera ni garanteix la claredat, exactitud, fiabilitat, correcci\u00f3 o moralitat de continguts o serveis que l&#8217;establiment de l&#8217;hiperenlla\u00e7 pugui oferir. L&#8217;usuari assumeix sota la seva exclusiva responsabilitat les conseq\u00fc\u00e8ncies, danys o accions que poguessin derivar-se de l&#8217;acc\u00e9s a la p\u00e0gina web de l&#8217;hiperenlla\u00e7.<br \/>\n5. La p\u00e0gina web en la qual s&#8217;estableixi l&#8217;hiperenlla\u00e7 no podr\u00e0 contenir marca, denominaci\u00f3, logotip, esl\u00f2gan o altres signes distintius que pertanyin a CLIP excepte aquells signes que formin part del mateix hiperenlla\u00e7.<\/li>\n<\/ol>\n<p>&nbsp;<\/p>\n<h3>PROTECCI\u00d3 DE DADES PERSONALS<\/h3>\n<p>Les dades personals sol\u00b7licitades per a la prestaci\u00f3 dels nostres serveis s&#8217;inclouen en fitxers sotmesos al que disposa la Llei Org\u00e0nica de Protecci\u00f3 de Dades 15\/1999 (LOPD) i al Reial Decret 1720\/2007, de 21 de desembre, pel qual es aprova el reglament de desenvolupament de la mateixa (RLOPD) i el Reglament General de Protecci\u00f3 de Dades de la Uni\u00f3 Europea (UE 2016\/679 GDPR).<\/p>\n<p>La recollida i tractament d&#8217;aquestes dades es duen a terme per CLIP, i tenen com a finalitat la gesti\u00f3, prestaci\u00f3, ampliaci\u00f3 i millora dels serveis sol\u00b7licitats en cada moment per l&#8217;usuari, el seguiment de consultes, participaci\u00f3 en processos de selecci\u00f3 de personal, comunicacions electr\u00f2niques i \/ o la confecci\u00f3 d&#8217;estad\u00edstiques.<\/p>\n<p>Els serveis prestats per CLIP estan dirigits a majors de 14 anys. En el sup\u00f2sit excepcional que es desenvolup\u00e9s algun servei adre\u00e7at espec\u00edficament a menors d&#8217;aquesta edat, CLIP sol\u00b7licitar\u00e0 la conformitat dels pares o tutors per a la recollida de les dades personals o, si escau, per al tractament de els mateixos.<\/p>\n<p>CLIP es compromet a complir la seva obligaci\u00f3 de secret respecte a les dades de car\u00e0cter personal subministrades i al deure de tractar-les amb confidencialitat i reserva, conforme a la legislaci\u00f3 vigent. A aquests efectes adoptar\u00e0 les mesures necess\u00e0ries per evitar la seva alteraci\u00f3, p\u00e8rdua, tractament o acc\u00e9s no autoritzat.<\/p>\n<p>&nbsp;<\/p>\n<h3>DRETS DELS INTERESSATS<\/h3>\n<p>La normativa vigent de protecci\u00f3 de dades li s&#8217;empara en una s\u00e8rie de drets en relaci\u00f3 a l&#8217;\u00fas que li donem a les dades. Tots i cadascun dels seus drets s\u00f3n unipersonals i intransferibles, \u00e9s a dir, que \u00fanicament poden ser realitzats pel titular de les dades, pr\u00e8via comprovaci\u00f3 de la seva identitat.<\/p>\n<p>A continuaci\u00f3 t&#8217;indiquem quins s\u00f3n els drets que l&#8217;assisteixen:<\/p>\n<ul>\n<li>Sol\u00b7licitar l&#8217;ACC\u00c9S a les seves dades personals<\/li>\n<li>Sol\u00b7licitar la RECTIFICACI\u00d3 de les seves dades<\/li>\n<li>Sol\u00b7licitar la SUPRESSI\u00d3 o eliminaci\u00f3 de les seves dades (dret al &#8220;oblit&#8221;)<\/li>\n<li>LIMITAR o oposar a l&#8217;\u00fas que li donem a les seves dades<\/li>\n<li>Dret a la PORTABILITAT de les seves dades per a casos de serveis de telecomunicacions o internet.<\/li>\n<li>Dret a RETIRAR el seu consentiment en qualsevol moment<\/li>\n<li>Dret a presentar una RECLAMACI\u00d3 en mat\u00e8ria de protecci\u00f3 de dades davant l&#8217;Autoritat de Control: Agencia de Protecci\u00f3 de Dades<\/li>\n<\/ul>\n<p>&nbsp;<\/p>\n<h4><strong>Com pot exercir els seus drets en relaci\u00f3 a les seves dades?<\/strong><\/h4>\n<p>Per a l&#8217;exercici dels seus drets d&#8217;acc\u00e9s, rectificaci\u00f3, supressi\u00f3, limitaci\u00f3 o oposici\u00f3, portabilitat i retirada del seu consentiment, pot fer-ho de la seg\u00fcent manera:<\/p>\n<p>Mitjan\u00e7ant comunicaci\u00f3 escrita i fotoc\u00f2pia del DNI, indicant la refer\u00e8ncia RGPD adre\u00e7ada a:<\/p>\n<p>CLIP SO, LLUM, IMATGE S.L.<br \/>\nAtt. Responsable de Protecci\u00f3 de Dades<br \/>\nCarrer Verge de la Guia, 18 Baixos, 17800 &#8211; Olot (Girona)<br \/>\nEmail: <a href=\"mailto:info@clipsoillum.com\">info@clipsoillum.com<\/a><\/p>\n<p>&nbsp;<\/p>\n<h4><strong>Com pot presentar una reclamaci\u00f3?<\/strong><\/h4>\n<p>A m\u00e9s dels drets que l&#8217;assisteixen, si creu que les seves dades no s&#8217;estan recaptant o tractant d&#8217;acord amb la normativa vigent de Protecci\u00f3 de Dades, vost\u00e8 podr\u00e0 realitzar una reclamaci\u00f3 davant l&#8217;Autoritat de Control:<\/p>\n<p><a href=\"http:\/\/www.agpd.es\/\">http:\/\/www.agpd.es<\/a><\/p>\n<p>&nbsp;<\/p>\n<h3>LLEI APLICABLE I JURISDICCI\u00d3<\/h3>\n<p>La llei aplicable en cas de disputa o conflicte d&#8217;interpretaci\u00f3 dels termes que conformen aquest Av\u00eds Legal, aix\u00ed com qualsevol q\u00fcesti\u00f3 relacionada amb els serveis d&#8217;aquest Portal, ser\u00e0 la llei espanyola.<\/p>\n<p>Per a la resoluci\u00f3 de qualsevol conflicte que pugui sorgir en ocasi\u00f3 de la visita al lloc web o de l&#8217;\u00fas dels serveis que en ell es puguin oferir, CLIP i l&#8217;Usuari acorden sotmetre als jutges i tribunals del domicili de l&#8217; Usuari, sempre que aquest estigui situat en territori espanyol i actu\u00ef en condici\u00f3 de consumidor. En cas contrari, la submissi\u00f3 ser\u00e0 als jutjats i tribunals de la ciutat d\u2019Olot (Girona)<\/p>\n\n\t\t<\/div>\n\t<\/div>\n<\/div><\/div><\/div><\/div><\/div>\n<\/div>","protected":false},"excerpt":{"rendered":"Av\u00eds legal En compliment amb el que estableix la Llei 34\/2002 de 11 de Juliol, de Serveis de la Societat de la Informaci\u00f3 i el Comer\u00e7 Electr\u00f2nic (LSSICE), s'informa dels seg\u00fcents aspectes legals: &nbsp; PROPIETAT DEL LLOC WEB Responsable: CLIP SO, LLUM, IMATGE S.L. (en [...]","protected":false},"author":3,"featured_media":0,"parent":0,"menu_order":0,"comment_status":"closed","ping_status":"closed","template":"","meta":{"footnotes":""},"class_list":["post-395","page","type-page","status-publish","hentry"],"yoast_head":"<!-- This site is optimized with the Yoast SEO plugin v24.8.1 - https:\/\/yoast.com\/wordpress\/plugins\/seo\/ -->\n<title>Av\u00eds legal - CLIP So\/Llum\/Imatge<\/title>\n<meta name=\"robots\" content=\"index, follow, max-snippet:-1, max-image-preview:large, max-video-preview:-1\" \/>\n<link rel=\"canonical\" href=\"https:\/\/clipsoillum.com\/es\/avis-legal\/\" \/>\n<meta property=\"og:locale\" content=\"es_ES\" \/>\n<meta property=\"og:type\" content=\"article\" \/>\n<meta property=\"og:title\" content=\"Av\u00eds legal - CLIP So\/Llum\/Imatge\" \/>\n<meta property=\"og:url\" content=\"https:\/\/clipsoillum.com\/es\/avis-legal\/\" \/>\n<meta property=\"og:site_name\" content=\"CLIP So\/Llum\/Imatge\" \/>\n<meta property=\"article:publisher\" content=\"http:\/\/www.facebook.com\/clipsollumimatge\" \/>\n<meta property=\"article:modified_time\" content=\"2020-04-06T11:36:40+00:00\" \/>\n<meta name=\"twitter:card\" content=\"summary_large_image\" \/>\n<meta name=\"twitter:label1\" content=\"Tiempo de lectura\" \/>\n\t<meta name=\"twitter:data1\" content=\"9 minutos\" \/>\n<script type=\"application\/ld+json\" class=\"yoast-schema-graph\">{\"@context\":\"https:\/\/schema.org\",\"@graph\":[{\"@type\":\"WebPage\",\"@id\":\"https:\/\/clipsoillum.com\/avis-legal\/\",\"url\":\"https:\/\/clipsoillum.com\/avis-legal\/\",\"name\":\"Av\u00eds legal - CLIP So\/Llum\/Imatge\",\"isPartOf\":{\"@id\":\"https:\/\/clipsoillum.com\/#website\"},\"datePublished\":\"2020-04-06T11:34:14+00:00\",\"dateModified\":\"2020-04-06T11:36:40+00:00\",\"breadcrumb\":{\"@id\":\"https:\/\/clipsoillum.com\/avis-legal\/#breadcrumb\"},\"inLanguage\":\"es\",\"potentialAction\":[{\"@type\":\"ReadAction\",\"target\":[\"https:\/\/clipsoillum.com\/avis-legal\/\"]}]},{\"@type\":\"BreadcrumbList\",\"@id\":\"https:\/\/clipsoillum.com\/avis-legal\/#breadcrumb\",\"itemListElement\":[{\"@type\":\"ListItem\",\"position\":1,\"name\":\"Portada\",\"item\":\"https:\/\/clipsoillum.com\/\"},{\"@type\":\"ListItem\",\"position\":2,\"name\":\"Av\u00eds legal\"}]},{\"@type\":\"WebSite\",\"@id\":\"https:\/\/clipsoillum.com\/#website\",\"url\":\"https:\/\/clipsoillum.com\/\",\"name\":\"CLIP So\/Llum\/Imatge\",\"description\":\"\",\"publisher\":{\"@id\":\"https:\/\/clipsoillum.com\/#organization\"},\"potentialAction\":[{\"@type\":\"SearchAction\",\"target\":{\"@type\":\"EntryPoint\",\"urlTemplate\":\"https:\/\/clipsoillum.com\/?s={search_term_string}\"},\"query-input\":{\"@type\":\"PropertyValueSpecification\",\"valueRequired\":true,\"valueName\":\"search_term_string\"}}],\"inLanguage\":\"es\"},{\"@type\":\"Organization\",\"@id\":\"https:\/\/clipsoillum.com\/#organization\",\"name\":\"Clip So\/Llum\/Imatge\",\"url\":\"https:\/\/clipsoillum.com\/\",\"logo\":{\"@type\":\"ImageObject\",\"inLanguage\":\"es\",\"@id\":\"https:\/\/clipsoillum.com\/#\/schema\/logo\/image\/\",\"url\":\"\",\"contentUrl\":\"\",\"caption\":\"Clip So\/Llum\/Imatge\"},\"image\":{\"@id\":\"https:\/\/clipsoillum.com\/#\/schema\/logo\/image\/\"},\"sameAs\":[\"http:\/\/www.facebook.com\/clipsollumimatge\",\"https:\/\/www.instagram.com\/clip_so_llum_imatge\/\"]}]}<\/script>\n<!-- \/ Yoast SEO plugin. -->","yoast_head_json":{"title":"Av\u00eds legal - CLIP So\/Llum\/Imatge","robots":{"index":"index","follow":"follow","max-snippet":"max-snippet:-1","max-image-preview":"max-image-preview:large","max-video-preview":"max-video-preview:-1"},"canonical":"https:\/\/clipsoillum.com\/es\/avis-legal\/","og_locale":"es_ES","og_type":"article","og_title":"Av\u00eds legal - CLIP So\/Llum\/Imatge","og_url":"https:\/\/clipsoillum.com\/es\/avis-legal\/","og_site_name":"CLIP So\/Llum\/Imatge","article_publisher":"http:\/\/www.facebook.com\/clipsollumimatge","article_modified_time":"2020-04-06T11:36:40+00:00","twitter_card":"summary_large_image","twitter_misc":{"Tiempo de lectura":"9 minutos"},"schema":{"@context":"https:\/\/schema.org","@graph":[{"@type":"WebPage","@id":"https:\/\/clipsoillum.com\/avis-legal\/","url":"https:\/\/clipsoillum.com\/avis-legal\/","name":"Av\u00eds legal - CLIP So\/Llum\/Imatge","isPartOf":{"@id":"https:\/\/clipsoillum.com\/#website"},"datePublished":"2020-04-06T11:34:14+00:00","dateModified":"2020-04-06T11:36:40+00:00","breadcrumb":{"@id":"https:\/\/clipsoillum.com\/avis-legal\/#breadcrumb"},"inLanguage":"es","potentialAction":[{"@type":"ReadAction","target":["https:\/\/clipsoillum.com\/avis-legal\/"]}]},{"@type":"BreadcrumbList","@id":"https:\/\/clipsoillum.com\/avis-legal\/#breadcrumb","itemListElement":[{"@type":"ListItem","position":1,"name":"Portada","item":"https:\/\/clipsoillum.com\/"},{"@type":"ListItem","position":2,"name":"Av\u00eds legal"}]},{"@type":"WebSite","@id":"https:\/\/clipsoillum.com\/#website","url":"https:\/\/clipsoillum.com\/","name":"CLIP So\/Llum\/Imatge","description":"","publisher":{"@id":"https:\/\/clipsoillum.com\/#organization"},"potentialAction":[{"@type":"SearchAction","target":{"@type":"EntryPoint","urlTemplate":"https:\/\/clipsoillum.com\/?s={search_term_string}"},"query-input":{"@type":"PropertyValueSpecification","valueRequired":true,"valueName":"search_term_string"}}],"inLanguage":"es"},{"@type":"Organization","@id":"https:\/\/clipsoillum.com\/#organization","name":"Clip So\/Llum\/Imatge","url":"https:\/\/clipsoillum.com\/","logo":{"@type":"ImageObject","inLanguage":"es","@id":"https:\/\/clipsoillum.com\/#\/schema\/logo\/image\/","url":"","contentUrl":"","caption":"Clip So\/Llum\/Imatge"},"image":{"@id":"https:\/\/clipsoillum.com\/#\/schema\/logo\/image\/"},"sameAs":["http:\/\/www.facebook.com\/clipsollumimatge","https:\/\/www.instagram.com\/clip_so_llum_imatge\/"]}]}},"_links":{"self":[{"href":"https:\/\/clipsoillum.com\/es\/wp-json\/wp\/v2\/pages\/395","targetHints":{"allow":["GET"]}}],"collection":[{"href":"https:\/\/clipsoillum.com\/es\/wp-json\/wp\/v2\/pages"}],"about":[{"href":"https:\/\/clipsoillum.com\/es\/wp-json\/wp\/v2\/types\/page"}],"author":[{"embeddable":true,"href":"https:\/\/clipsoillum.com\/es\/wp-json\/wp\/v2\/users\/3"}],"replies":[{"embeddable":true,"href":"https:\/\/clipsoillum.com\/es\/wp-json\/wp\/v2\/comments?post=395"}],"version-history":[{"count":4,"href":"https:\/\/clipsoillum.com\/es\/wp-json\/wp\/v2\/pages\/395\/revisions"}],"predecessor-version":[{"id":399,"href":"https:\/\/clipsoillum.com\/es\/wp-json\/wp\/v2\/pages\/395\/revisions\/399"}],"wp:attachment":[{"href":"https:\/\/clipsoillum.com\/es\/wp-json\/wp\/v2\/media?parent=395"}],"curies":[{"name":"wp","href":"https:\/\/api.w.org\/{rel}","templated":true}]}}