{"id":371,"date":"2020-04-06T09:36:54","date_gmt":"2020-04-06T09:36:54","guid":{"rendered":"https:\/\/www.clipsoillum.com\/mas-informacion-sobre-las-cookies\/"},"modified":"2020-04-06T11:25:14","modified_gmt":"2020-04-06T11:25:14","slug":"politica-de-cookies","status":"publish","type":"page","link":"https:\/\/clipsoillum.com\/es\/politica-de-cookies\/","title":{"rendered":"Pol\u00edtica de cookies"},"content":{"rendered":"<div class=\"wpb-content-wrapper\"><div class=\"vc_row wpb_row vc_row-fluid edgtf-section edgtf-content-aligment-left\" style=\"\"><div class=\"clearfix edgtf-full-section-inner\"><div class=\"wpb_column vc_column_container vc_col-sm-12\"><div class=\"vc_column-inner vc_custom_1586169953838\"><div class=\"wpb_wrapper\">\n\t<div class=\"wpb_text_column wpb_content_element wpb_animate_when_almost_visible wpb_fadeIn fadeIn vc_custom_1586170990542\" >\n\t\t<div class=\"wpb_wrapper\">\n\t\t\t<h2>Pol\u00edtica de\u00a0<em>cookies<\/em><\/h2>\n\n\t\t<\/div>\n\t<\/div>\n<\/div><\/div><\/div><\/div><\/div><div class=\"vc_row wpb_row vc_row-fluid edgtf-section edgtf-content-aligment-left\" style=\"\"><div class=\"clearfix edgtf-full-section-inner\"><div class=\"wpb_column vc_column_container vc_col-sm-12\"><div class=\"vc_column-inner\"><div class=\"wpb_wrapper\">\n\t<div class=\"wpb_text_column wpb_content_element vc_custom_1586170959461\" >\n\t\t<div class=\"wpb_wrapper\">\n\t\t\t<h3>Qu\u00e8 \u00e9s una <em>cookie<\/em>?<\/h3>\n<p>Una <em>cookie<\/em> \u00e9s un fitxer de text inofensiu que s&#8217;emmagatzema en el seu navegador quan visita gaireb\u00e9 qualsevol p\u00e0gina web. La utilitat de la <em>cookie<\/em> \u00e9s que el web sigui capa\u00e7 de recordar la seva visita quan torni a navegar per aquesta p\u00e0gina. Encara que molta gent no ho sap les <em>cookies<\/em> es porten utilitzant des de fa 20 anys, quan van apar\u00e8ixer els primers navegadors per a la World Wide Web.<\/p>\n<p>&nbsp;<\/p>\n<h3>Qu\u00e8 NO \u00c9S una <em>cookie<\/em>?<\/h3>\n<p>No \u00e9s un virus, ni un troi\u00e0, ni un cuc, ni spam, ni spyware, ni obre finestres pop-up.<\/p>\n<p>&nbsp;<\/p>\n<h3>Quina informaci\u00f3 emmagatzema una <em>cookie<\/em>?<\/h3>\n<p>Les <em>cookies<\/em> no solen emmagatzemar informaci\u00f3 sensible sobre vost\u00e8, com targetes de cr\u00e8dit o dades banc\u00e0ries, fotografies, el seu DNI o informaci\u00f3 personal, etc. Les dades que guarden s\u00f3n de car\u00e0cter t\u00e8cnic, prefer\u00e8ncies personals, personalitzaci\u00f3 de continguts, etc.<\/p>\n<p>El servidor web no li associa a vost\u00e8 com a persona si no al seu navegador web. De fet, si vost\u00e8 navega habitualment amb Internet Explorer i prova a navegar per la mateixa web amb Firefox o Chrome veur\u00e0 que el web no s&#8217;adona que \u00e9s vost\u00e8 la mateixa persona perqu\u00e8 en realitat est\u00e0 associant a el navegador, no a la persona.<\/p>\n<p>&nbsp;<\/p>\n<h3>Quin tipus de <em>cookies<\/em> hi ha?<\/h3>\n<p><em>Cookies<\/em> t\u00e8cniques: S\u00f3n les m\u00e9s elementals i permeten, entre altres coses, saber quan est\u00e0 navegant un hum\u00e0 o una aplicaci\u00f3 automatitzada, quan navega un usuari an\u00f2nim i un registrat, tasques b\u00e0siques per al funcionament de qualsevol web din\u00e0mica.<br \/>\n<em>Cookies<\/em> d&#8217;an\u00e0lisi: Recullen informaci\u00f3 sobre el tipus de navegaci\u00f3 que est\u00e0 realitzant, les seccions que m\u00e9s utilitza, productes consultats, franja hor\u00e0ria d&#8217;\u00fas, idioma, etc.<br \/>\n<em>Cookies<\/em> publicit\u00e0ries: Mostren publicitat en funci\u00f3 de la seva navegaci\u00f3, el seu pa\u00eds de proced\u00e8ncia, idioma, etc.<\/p>\n<p>&nbsp;<\/p>\n<h3>Qu\u00e8 s\u00f3n les <em>cookies<\/em> pr\u00f2pies i les de tercers?<\/h3>\n<p>Les <em>cookies<\/em> pr\u00f2pies s\u00f3n les generades per la p\u00e0gina que est\u00e0 visitant i les de tercers s\u00f3n les generades per serveis o prove\u00efdors externs com Facebook, Twitter, Google, etc.<\/p>\n<p>&nbsp;<\/p>\n<h3>Qu\u00e8 passa si desactivo les <em>cookies<\/em>?<\/h3>\n<p>Perqu\u00e8 entengui l&#8217;abast que pot tenir desactivar les <em>cookies<\/em> li mostrem uns exemples:<\/p>\n<p>No podr\u00e0 compartir continguts d&#8217;aquesta web a Facebook, Twitter o qualsevol altra xarxa social.<br \/>\nEl lloc web no podr\u00e0 adaptar els continguts a les seves prefer\u00e8ncies personals, com sol passar en les botigues en l\u00ednia.<br \/>\nNo podr\u00e0 accedir a l&#8217;\u00e0rea personal d&#8217;aquesta web, com per exemple El meu compte, o El meu perfil o Les meves comandes.<br \/>\nBotigues en l\u00ednia: Li ser\u00e0 impossible realitzar compres en l\u00ednia, hauran de ser telef\u00f2niques o visitant la botiga f\u00edsica si \u00e9s que disposa d&#8217;ella.<br \/>\nNo ser\u00e0 possible personalitzar les seves prefer\u00e8ncies geogr\u00e0fiques com a franja hor\u00e0ria, divisa o idioma.<br \/>\nEl lloc web no podr\u00e0 realitzar anal\u00edtiques web sobre visitants i tr\u00e0nsit a la web, el que dificultar\u00e0 que el web sigui competitiva.<br \/>\nNo podr\u00e0 escriure al bloc, no podr\u00e0 pujar fotos, publicar comentaris, valorar o puntuar continguts. El web tampoc podr\u00e0 saber si vost\u00e8 \u00e9s un hum\u00e0 o una aplicaci\u00f3 automatitzada que publica spam.<br \/>\nNo es podr\u00e0 mostrar publicitat sectoritzada, el que reduir\u00e0 els ingressos publicitaris del web.<br \/>\nTotes les xarxes socials fan servir <em>cookies<\/em>, si les desactiva no podr\u00e0 utilitzar cap xarxa social.<\/p>\n<p>&nbsp;<\/p>\n<h3>Es poden eliminar les <em>cookies<\/em>?<\/h3>\n<p>S\u00ed. No nom\u00e9s eliminar, tamb\u00e9 bloquejar, de forma general o particular per a un domini espec\u00edfic.<\/p>\n<p>Per eliminar les <em>cookies<\/em> d&#8217;un lloc web ha d&#8217;anar a la configuraci\u00f3 del seu navegador i all\u00e0 podr\u00e0 buscar les associades a el domini en q\u00fcesti\u00f3 i procedir a la seva eliminaci\u00f3.<\/p>\n<p>&nbsp;<\/p>\n<h3>Configuraci\u00f3 de <em>cookies<\/em> per als navegadors m\u00e9s populars:<\/h3>\n<ul>\n<li>Per a Firefox a\u00a0<a href=\"http:\/\/support.mozilla.org\/ca\/kb\/Galetes\" target=\"_blank\" rel=\"noopener noreferrer\">http:\/\/support.mozilla.org\/ca\/kb\/Galetes<\/a><\/li>\n<li>Per a Chrome a\u00a0<a href=\"http:\/\/support.google.com\/chrome\/bin\/answer.py?hl=es&amp;answer=95647\" target=\"_blank\" rel=\"noopener noreferrer\">http:\/\/support.google.com\/chrome\/bin\/answer.py?hl=es&amp;answer=95647<\/a><\/li>\n<li>Per a Explorer\u00a0<a href=\"http:\/\/windows.microsoft.com\/es-es\/windows7\/how-to-manage-cookies-in-internet-explorer-9\" target=\"_blank\" rel=\"noopener noreferrer\">http:\/\/windows.microsoft.com\/es-es\/windows7\/how-to-manage-cookies-in-internet-explorer-9<\/a><\/li>\n<li>Per a Safari\u00a0<a href=\"http:\/\/support.apple.com\/kb\/ph5042\" target=\"_blank\" rel=\"noopener noreferrer\">http:\/\/support.apple.com\/kb\/ph5042<\/a><\/li>\n<li>Per a Safari per a IOS\u00a0<a href=\"http:\/\/support.apple.com\/kb\/HT1677?viewlocale=es_ES&amp;locale=es_ES\" target=\"_blank\" rel=\"noopener noreferrer\">http:\/\/support.apple.com\/kb\/HT1677?viewlocale=es_ES&amp;locale=es_ES<\/a><\/li>\n<li>Per a Opera a\u00a0<a href=\"http:\/\/help.opera.com\/Windows\/11.50\/es-ES\/cookies.html\" target=\"_blank\" rel=\"noopener noreferrer\">http:\/\/help.opera.com\/Windows\/11.50\/es-ES\/cookies.html<\/a><\/li>\n<\/ul>\n<p>&nbsp;<\/p>\n<h3><em>Cookies<\/em> utilitzades en aquest lloc web<\/h3>\n<p>Seguint les directrius de l&#8217;Ag\u00e8ncia Espanyola de Protecci\u00f3 de Dades procedim a detallar l&#8217;\u00fas de <em>cookies<\/em> que fa aquesta web per tal d&#8217;informar-lo amb la m\u00e0xima exactitud possible.<\/p>\n<p>Aquest lloc web utilitza les <em>cookies<\/em> seg\u00fcents pr\u00f2pies:<\/p>\n<p><em>Cookies<\/em> de sessi\u00f3, per garantir que els usuaris que escriguin comentaris al blog siguin humans i no aplicacions automatitzades. D&#8217;aquesta manera es combat el correu brossa.<br \/>\nAquest lloc web utilitza les seg\u00fcents <em>cookies<\/em> de tercers:<\/p>\n<p>Google Analytics: Emmagatzema <em>cookies<\/em> per poder elaborar estad\u00edstiques sobre el tr\u00e0nsit i volum de visites d&#8217;aquest web. A l&#8217;utilitzar aquest lloc web est\u00e0 consentint el tractament d&#8217;informaci\u00f3 sobre vost\u00e8 per Google. Per tant, l&#8217;exercici de qualsevol dret en aquest sentit haur\u00e0 de fer comunicant directament amb Google.<br \/>\nXarxes socials: Cada xarxa social utilitza les seves pr\u00f2pies <em>cookies<\/em> per clicar en botons del tipus M&#8217;agrada o Compartir.<\/p>\n<p>&nbsp;<\/p>\n<h3><strong>Acceptaci\u00f3 de la pol\u00edtica de\u00a0<em>cookies<\/em><\/strong><\/h3>\n<p>CLIP SO LLUM IMATGE SL\u00a0 mostra informaci\u00f3 sobre la seva Pol\u00edtica d&#8217;en Cookies a la part inferior de la p\u00e0gina inicial del lloc web amb cada inici de sessi\u00f3 amb l&#8217;objecte que vost\u00e8 en sigui conscient.<\/p>\n<p>Davant d&#8217;aquesta informaci\u00f3 \u00e9s possible dur a terme les seg\u00fcents accions:<\/p>\n<ul>\n<li>Acceptar les <em>cookies<\/em>: No es tornar\u00e0 a visualitzar aquest av\u00eds en accedir a qualsevol p\u00e0gina del portal durant la present sessi\u00f3<\/li>\n<li>Modificar la configuraci\u00f3: Li donem informaci\u00f3 sobre com modificar la configuraci\u00f3 del seu navegador per a restringir o bloquejar les <em>cookies<\/em> en qualsevol moment. En el cas de restringir o bloquejar les <em>cookies<\/em> pot veure redu\u00efdes les funcionalitats del web.<\/li>\n<li>Seguir navegant o moure per la barra de despla\u00e7ament: En aquest cas s&#8217;anir\u00e0 demanant el consentiment.<\/li>\n<\/ul>\n\n\t\t<\/div>\n\t<\/div>\n<\/div><\/div><\/div><\/div><\/div>\n<\/div>","protected":false},"excerpt":{"rendered":"Pol\u00edtica de\u00a0cookies Qu\u00e8 \u00e9s una cookie? Una cookie \u00e9s un fitxer de text inofensiu que s'emmagatzema en el seu navegador quan visita gaireb\u00e9 qualsevol p\u00e0gina web. La utilitat de la cookie \u00e9s que el web sigui capa\u00e7 de recordar la seva visita quan torni a [...]","protected":false},"author":3,"featured_media":0,"parent":0,"menu_order":0,"comment_status":"closed","ping_status":"closed","template":"","meta":{"footnotes":""},"class_list":["post-371","page","type-page","status-publish","hentry"],"yoast_head":"<!-- This site is optimized with the Yoast SEO plugin v24.8.1 - https:\/\/yoast.com\/wordpress\/plugins\/seo\/ -->\n<title>Pol\u00edtica de cookies - CLIP So\/Llum\/Imatge<\/title>\n<meta name=\"robots\" content=\"index, follow, max-snippet:-1, max-image-preview:large, max-video-preview:-1\" \/>\n<link rel=\"canonical\" href=\"https:\/\/clipsoillum.com\/es\/politica-de-cookies\/\" \/>\n<meta property=\"og:locale\" content=\"es_ES\" \/>\n<meta property=\"og:type\" content=\"article\" \/>\n<meta property=\"og:title\" content=\"Pol\u00edtica de cookies - CLIP So\/Llum\/Imatge\" \/>\n<meta property=\"og:url\" content=\"https:\/\/clipsoillum.com\/es\/politica-de-cookies\/\" \/>\n<meta property=\"og:site_name\" content=\"CLIP So\/Llum\/Imatge\" \/>\n<meta property=\"article:publisher\" content=\"http:\/\/www.facebook.com\/clipsollumimatge\" \/>\n<meta property=\"article:modified_time\" content=\"2020-04-06T11:25:14+00:00\" \/>\n<meta name=\"twitter:card\" content=\"summary_large_image\" \/>\n<meta name=\"twitter:label1\" content=\"Tiempo de lectura\" \/>\n\t<meta name=\"twitter:data1\" content=\"5 minutos\" \/>\n<script type=\"application\/ld+json\" class=\"yoast-schema-graph\">{\"@context\":\"https:\/\/schema.org\",\"@graph\":[{\"@type\":\"WebPage\",\"@id\":\"https:\/\/clipsoillum.com\/politica-de-cookies\/\",\"url\":\"https:\/\/clipsoillum.com\/politica-de-cookies\/\",\"name\":\"Pol\u00edtica de cookies - CLIP So\/Llum\/Imatge\",\"isPartOf\":{\"@id\":\"https:\/\/clipsoillum.com\/#website\"},\"datePublished\":\"2020-04-06T09:36:54+00:00\",\"dateModified\":\"2020-04-06T11:25:14+00:00\",\"breadcrumb\":{\"@id\":\"https:\/\/clipsoillum.com\/politica-de-cookies\/#breadcrumb\"},\"inLanguage\":\"es\",\"potentialAction\":[{\"@type\":\"ReadAction\",\"target\":[\"https:\/\/clipsoillum.com\/politica-de-cookies\/\"]}]},{\"@type\":\"BreadcrumbList\",\"@id\":\"https:\/\/clipsoillum.com\/politica-de-cookies\/#breadcrumb\",\"itemListElement\":[{\"@type\":\"ListItem\",\"position\":1,\"name\":\"Portada\",\"item\":\"https:\/\/clipsoillum.com\/\"},{\"@type\":\"ListItem\",\"position\":2,\"name\":\"Pol\u00edtica de cookies\"}]},{\"@type\":\"WebSite\",\"@id\":\"https:\/\/clipsoillum.com\/#website\",\"url\":\"https:\/\/clipsoillum.com\/\",\"name\":\"CLIP So\/Llum\/Imatge\",\"description\":\"\",\"publisher\":{\"@id\":\"https:\/\/clipsoillum.com\/#organization\"},\"potentialAction\":[{\"@type\":\"SearchAction\",\"target\":{\"@type\":\"EntryPoint\",\"urlTemplate\":\"https:\/\/clipsoillum.com\/?s={search_term_string}\"},\"query-input\":{\"@type\":\"PropertyValueSpecification\",\"valueRequired\":true,\"valueName\":\"search_term_string\"}}],\"inLanguage\":\"es\"},{\"@type\":\"Organization\",\"@id\":\"https:\/\/clipsoillum.com\/#organization\",\"name\":\"Clip So\/Llum\/Imatge\",\"url\":\"https:\/\/clipsoillum.com\/\",\"logo\":{\"@type\":\"ImageObject\",\"inLanguage\":\"es\",\"@id\":\"https:\/\/clipsoillum.com\/#\/schema\/logo\/image\/\",\"url\":\"\",\"contentUrl\":\"\",\"caption\":\"Clip So\/Llum\/Imatge\"},\"image\":{\"@id\":\"https:\/\/clipsoillum.com\/#\/schema\/logo\/image\/\"},\"sameAs\":[\"http:\/\/www.facebook.com\/clipsollumimatge\",\"https:\/\/www.instagram.com\/clip_so_llum_imatge\/\"]}]}<\/script>\n<!-- \/ Yoast SEO plugin. -->","yoast_head_json":{"title":"Pol\u00edtica de cookies - CLIP So\/Llum\/Imatge","robots":{"index":"index","follow":"follow","max-snippet":"max-snippet:-1","max-image-preview":"max-image-preview:large","max-video-preview":"max-video-preview:-1"},"canonical":"https:\/\/clipsoillum.com\/es\/politica-de-cookies\/","og_locale":"es_ES","og_type":"article","og_title":"Pol\u00edtica de cookies - CLIP So\/Llum\/Imatge","og_url":"https:\/\/clipsoillum.com\/es\/politica-de-cookies\/","og_site_name":"CLIP So\/Llum\/Imatge","article_publisher":"http:\/\/www.facebook.com\/clipsollumimatge","article_modified_time":"2020-04-06T11:25:14+00:00","twitter_card":"summary_large_image","twitter_misc":{"Tiempo de lectura":"5 minutos"},"schema":{"@context":"https:\/\/schema.org","@graph":[{"@type":"WebPage","@id":"https:\/\/clipsoillum.com\/politica-de-cookies\/","url":"https:\/\/clipsoillum.com\/politica-de-cookies\/","name":"Pol\u00edtica de cookies - CLIP So\/Llum\/Imatge","isPartOf":{"@id":"https:\/\/clipsoillum.com\/#website"},"datePublished":"2020-04-06T09:36:54+00:00","dateModified":"2020-04-06T11:25:14+00:00","breadcrumb":{"@id":"https:\/\/clipsoillum.com\/politica-de-cookies\/#breadcrumb"},"inLanguage":"es","potentialAction":[{"@type":"ReadAction","target":["https:\/\/clipsoillum.com\/politica-de-cookies\/"]}]},{"@type":"BreadcrumbList","@id":"https:\/\/clipsoillum.com\/politica-de-cookies\/#breadcrumb","itemListElement":[{"@type":"ListItem","position":1,"name":"Portada","item":"https:\/\/clipsoillum.com\/"},{"@type":"ListItem","position":2,"name":"Pol\u00edtica de cookies"}]},{"@type":"WebSite","@id":"https:\/\/clipsoillum.com\/#website","url":"https:\/\/clipsoillum.com\/","name":"CLIP So\/Llum\/Imatge","description":"","publisher":{"@id":"https:\/\/clipsoillum.com\/#organization"},"potentialAction":[{"@type":"SearchAction","target":{"@type":"EntryPoint","urlTemplate":"https:\/\/clipsoillum.com\/?s={search_term_string}"},"query-input":{"@type":"PropertyValueSpecification","valueRequired":true,"valueName":"search_term_string"}}],"inLanguage":"es"},{"@type":"Organization","@id":"https:\/\/clipsoillum.com\/#organization","name":"Clip So\/Llum\/Imatge","url":"https:\/\/clipsoillum.com\/","logo":{"@type":"ImageObject","inLanguage":"es","@id":"https:\/\/clipsoillum.com\/#\/schema\/logo\/image\/","url":"","contentUrl":"","caption":"Clip So\/Llum\/Imatge"},"image":{"@id":"https:\/\/clipsoillum.com\/#\/schema\/logo\/image\/"},"sameAs":["http:\/\/www.facebook.com\/clipsollumimatge","https:\/\/www.instagram.com\/clip_so_llum_imatge\/"]}]}},"_links":{"self":[{"href":"https:\/\/clipsoillum.com\/es\/wp-json\/wp\/v2\/pages\/371","targetHints":{"allow":["GET"]}}],"collection":[{"href":"https:\/\/clipsoillum.com\/es\/wp-json\/wp\/v2\/pages"}],"about":[{"href":"https:\/\/clipsoillum.com\/es\/wp-json\/wp\/v2\/types\/page"}],"author":[{"embeddable":true,"href":"https:\/\/clipsoillum.com\/es\/wp-json\/wp\/v2\/users\/3"}],"replies":[{"embeddable":true,"href":"https:\/\/clipsoillum.com\/es\/wp-json\/wp\/v2\/comments?post=371"}],"version-history":[{"count":14,"href":"https:\/\/clipsoillum.com\/es\/wp-json\/wp\/v2\/pages\/371\/revisions"}],"predecessor-version":[{"id":391,"href":"https:\/\/clipsoillum.com\/es\/wp-json\/wp\/v2\/pages\/371\/revisions\/391"}],"wp:attachment":[{"href":"https:\/\/clipsoillum.com\/es\/wp-json\/wp\/v2\/media?parent=371"}],"curies":[{"name":"wp","href":"https:\/\/api.w.org\/{rel}","templated":true}]}}