{"id":18,"date":"2018-01-13T09:38:46","date_gmt":"2018-01-13T09:38:46","guid":{"rendered":"http:\/\/www.clipsoillum.com\/?page_id=18"},"modified":"2024-04-19T08:01:55","modified_gmt":"2024-04-19T07:01:55","slug":"contacte","status":"publish","type":"page","link":"https:\/\/clipsoillum.com\/es\/contacte\/","title":{"rendered":"Contacto"},"content":{"rendered":"<div class=\"wpb-content-wrapper\"><div class=\"vc_row wpb_row vc_row-fluid edgtf-section edgtf-content-aligment-left\" style=\"\"><div class=\"clearfix edgtf-full-section-inner\"><div class=\"wpb_column vc_column_container vc_col-sm-12\"><div class=\"vc_column-inner vc_custom_1586193888193\"><div class=\"wpb_wrapper\">\n\t<div class=\"wpb_text_column wpb_content_element vc_custom_1713509845398\" >\n\t\t<div class=\"wpb_wrapper\">\n\t\t\t<p><!--vcv no format--><\/p>\n<div class=\"vce-row-container\">\n<div id=\"el-faf86761\" class=\"vce-row vce-row--col-gap-30 vce-row-columns--top vce-row-content--top\" data-vce-do-apply=\"all el-faf86761\">\n<div class=\"vce-row-content\" data-vce-element-content=\"true\">\n<div id=\"el-d85aa33f\" class=\"vce-col vce-col--md-auto vce-col--xs-1 vce-col--xs-last vce-col--xs-first vce-col--sm-last vce-col--sm-first vce-col--md-last vce-col--lg-last vce-col--xl-last vce-col--md-first vce-col--lg-first vce-col--xl-first\">\n<div class=\"vce-col-inner\" data-vce-do-apply=\"border margin background el-d85aa33f\">\n<div class=\"vce-col-content\" data-vce-element-content=\"true\" data-vce-do-apply=\"padding el-d85aa33f\">\n<div class=\"vce-text-block\">\n<div id=\"el-ae5006c2\" class=\"vce-text-block-wrapper vce\" data-vce-do-apply=\"all el-ae5006c2\">\n<h4>Ens trobar\u00e0s al carrer <strong>Verge de la Guia, 18 d&#8217;Olot, <\/strong>de dilluns a divendres de 9h a 14h.<\/h4>\n<p>&nbsp;<\/p>\n<h4>Tamb\u00e9 estem a la teva disposici\u00f3 al tel\u00e8fon <strong>872 26 12 34<\/strong> o b\u00e9 escriu-nos mitjan\u00e7ant el formulari de contacte i ens posarem en contacte amb tu.<\/h4>\n<\/div>\n<\/div>\n<\/div>\n<\/div>\n<\/div>\n<\/div>\n<\/div>\n<\/div>\n\n\t\t<\/div>\n\t<\/div>\n<\/div><\/div><\/div><\/div><\/div><div class=\"vc_row wpb_row vc_row-fluid edgtf-section edgtf-content-aligment-left\" style=\"\"><div class=\"clearfix edgtf-full-section-inner\"><div class=\"wpb_column vc_column_container vc_col-sm-12\"><div class=\"vc_column-inner\"><div class=\"wpb_wrapper\">\n<div class=\"vc-zigzag-wrapper vc_custom_1586193896188 vc-zigzag-align-center\"><div class=\"vc-zigzag-inner\" style=\"width: 50%;min-height: 14px;background: 0 repeat-x url(&#039;data:image\/svg+xml;utf-8,%3C%3Fxml%20version%3D%221.0%22%20encoding%3D%22utf-8%22%3F%3E%3C%21DOCTYPE%20svg%20PUBLIC%20%22-%2F%2FW3C%2F%2FDTD%20SVG%201.1%2F%2FEN%22%20%22http%3A%2F%2Fwww.w3.org%2FGraphics%2FSVG%2F1.1%2FDTD%2Fsvg11.dtd%22%3E%3Csvg%20width%3D%2214px%22%20height%3D%2212px%22%20viewBox%3D%220%200%2018%2015%22%20version%3D%221.1%22%20xmlns%3D%22http%3A%2F%2Fwww.w3.org%2F2000%2Fsvg%22%20xmlns%3Axlink%3D%22http%3A%2F%2Fwww.w3.org%2F1999%2Fxlink%22%3E%3Cpolygon%20id%3D%22Combined-Shape%22%20fill%3D%22%23ebebeb%22%20points%3D%228.98762301%200%200%209.12771969%200%2014.519983%209%205.40479869%2018%2014.519983%2018%209.12771969%22%3E%3C%2Fpolygon%3E%3C%2Fsvg%3E&#039;);\"><\/div><\/div><\/div><\/div><\/div><\/div><\/div><div class=\"vc_row wpb_row vc_row-fluid edgtf-section vc_custom_1586193919295 edgtf-content-aligment-left\" style=\"\"><div class=\"clearfix edgtf-full-section-inner\"><div class=\"wpb_column vc_column_container vc_col-sm-8\"><div class=\"vc_column-inner\"><div class=\"wpb_wrapper\">\n\t<div class=\"wpb_text_column wpb_content_element\" >\n\t\t<div class=\"wpb_wrapper\">\n\t\t\t<h3 style=\"text-align: right;\">Vols treballar amb nosaltres?<\/h3>\n<h5>\u00a0<\/h5>\n<h5 style=\"text-align: right;\">Busquem cont\u00ednuament nous talents per unir-se a la nostra empresa. Si tens ganes de formar-ne part, envia&#8217;ns el teu curr\u00edculum en el seg\u00fcent formulari i ens posarem en contacte amb tu el m\u00e9s aviat possible.<\/h5>\n\n\t\t<\/div>\n\t<\/div>\n<\/div><\/div><\/div><div class=\"wpb_column vc_column_container vc_col-sm-4\"><div class=\"vc_column-inner\"><div class=\"wpb_wrapper\"><div class=\"edgtf-elements-holder edgtf-one-column edgtf-responsive-mode-768\" ><div class=\"edgtf-elements-holder-item edgtf-vertical-alignment-middle edgtf-horizontal-alignment-left\"  >\n\t<div class=\"edgtf-elements-holder-item-inner\">\n\t\t<div class=\"edgtf-elements-holder-item-content edgtf-elements-holder-custom-692881\" >\n\t\t\t\t\t\t\n\t<div  class=\"wpb_single_image wpb_content_element vc_align_left wpb_content_element wpb_animate_when_almost_visible wpb_fadeIn fadeIn\">\n\t\t\n\t\t<figure class=\"wpb_wrapper vc_figure\">\n\t\t\t<div class=\"vc_single_image-wrapper   vc_box_border_grey\"><img decoding=\"async\" class=\"vc_single_image-img\" src=\"https:\/\/clipsoillum.com\/wp-content\/uploads\/2020\/04\/CV-CLIP-80x80.png\" width=\"80\" height=\"80\" alt=\"Curr\u00edculum Vitae Clip So i Llum\" title=\"Curr\u00edculum Vitae Clip So i Llum\" loading=\"lazy\" \/><\/div>\n\t\t<\/figure>\n\t<\/div>\n\t\t<\/div>\n\t<\/div>\n<\/div><\/div><\/div><\/div><\/div><\/div><\/div><div class=\"vc_row wpb_row vc_row-fluid edgtf-section edgtf-content-aligment-left\" style=\"\"><div class=\"clearfix edgtf-full-section-inner\"><div class=\"wpb_column vc_column_container vc_col-sm-12\"><div class=\"vc_column-inner\"><div class=\"wpb_wrapper\">\n<div class=\"vc-zigzag-wrapper vc_custom_1586193924481 vc-zigzag-align-center\"><div class=\"vc-zigzag-inner\" style=\"width: 50%;min-height: 14px;background: 0 repeat-x url(&#039;data:image\/svg+xml;utf-8,%3C%3Fxml%20version%3D%221.0%22%20encoding%3D%22utf-8%22%3F%3E%3C%21DOCTYPE%20svg%20PUBLIC%20%22-%2F%2FW3C%2F%2FDTD%20SVG%201.1%2F%2FEN%22%20%22http%3A%2F%2Fwww.w3.org%2FGraphics%2FSVG%2F1.1%2FDTD%2Fsvg11.dtd%22%3E%3Csvg%20width%3D%2214px%22%20height%3D%2212px%22%20viewBox%3D%220%200%2018%2015%22%20version%3D%221.1%22%20xmlns%3D%22http%3A%2F%2Fwww.w3.org%2F2000%2Fsvg%22%20xmlns%3Axlink%3D%22http%3A%2F%2Fwww.w3.org%2F1999%2Fxlink%22%3E%3Cpolygon%20id%3D%22Combined-Shape%22%20fill%3D%22%23ebebeb%22%20points%3D%228.98762301%200%200%209.12771969%200%2014.519983%209%205.40479869%2018%2014.519983%2018%209.12771969%22%3E%3C%2Fpolygon%3E%3C%2Fsvg%3E&#039;);\"><\/div><\/div><\/div><\/div><\/div><\/div><\/div><div class=\"vc_row wpb_row vc_row-fluid edgtf-section edgtf-content-aligment-left\" style=\"\"><div class=\"clearfix edgtf-full-section-inner\"><div class=\"wpb_column vc_column_container vc_col-sm-12\"><div class=\"vc_column-inner vc_custom_1586193934047\"><div class=\"wpb_wrapper\">\n\t<div class=\"wpb_raw_code wpb_raw_html wpb_content_element vc_custom_1586162865241\" >\n\t\t<div class=\"wpb_wrapper\">\n\t\t\t<id=\"formulari\">\n\n<div class=\"wpcf7 no-js\" id=\"wpcf7-f58-o1\" lang=\"es-ES\" dir=\"ltr\" data-wpcf7-id=\"58\">\n<div class=\"screen-reader-response\"><p role=\"status\" aria-live=\"polite\" aria-atomic=\"true\"><\/p> <ul><\/ul><\/div>\n<form action=\"\/es\/wp-json\/wp\/v2\/pages\/18#wpcf7-f58-o1\" method=\"post\" class=\"wpcf7-form init\" aria-label=\"Formulario de contacto\" novalidate=\"novalidate\" data-status=\"init\" data-trp-original-action=\"\/es\/wp-json\/wp\/v2\/pages\/18#wpcf7-f58-o1\">\n<fieldset class=\"hidden-fields-container\"><input type=\"hidden\" name=\"_wpcf7\" value=\"58\" \/><input type=\"hidden\" name=\"_wpcf7_version\" value=\"6.1.4\" \/><input type=\"hidden\" name=\"_wpcf7_locale\" value=\"es_ES\" \/><input type=\"hidden\" name=\"_wpcf7_unit_tag\" value=\"wpcf7-f58-o1\" \/><input type=\"hidden\" name=\"_wpcf7_container_post\" value=\"0\" \/><input type=\"hidden\" name=\"_wpcf7_posted_data_hash\" value=\"\" \/><input type=\"hidden\" name=\"_wpcf7_recaptcha_response\" value=\"\" \/>\n<\/fieldset>\n<p><label> Nom (obligatori)<br \/>\n<span class=\"wpcf7-form-control-wrap\" data-name=\"your-name\"><input size=\"40\" maxlength=\"400\" class=\"wpcf7-form-control wpcf7-text wpcf7-validates-as-required\" aria-required=\"true\" aria-invalid=\"false\" value=\"\" type=\"text\" name=\"your-name\" \/><\/span> <\/label>\n<\/p>\n<p><label> Correu Electr\u00f2nic (obligatori)<br \/>\n<span class=\"wpcf7-form-control-wrap\" data-name=\"your-email\"><input size=\"40\" maxlength=\"400\" class=\"wpcf7-form-control wpcf7-email wpcf7-validates-as-required wpcf7-text wpcf7-validates-as-email\" aria-required=\"true\" aria-invalid=\"false\" value=\"\" type=\"email\" name=\"your-email\" \/><\/span> <\/label>\n<\/p>\n<p><label> Tel\u00e8fon<br \/>\n<span class=\"wpcf7-form-control-wrap\" data-name=\"your-phone\"><input size=\"40\" maxlength=\"400\" class=\"wpcf7-form-control wpcf7-tel wpcf7-text wpcf7-validates-as-tel\" aria-invalid=\"false\" value=\"\" type=\"tel\" name=\"your-phone\" \/><\/span> <\/label>\n<\/p>\n<p><label> Tipus de servei (obligatori)<br \/>\n<span class=\"wpcf7-form-control-wrap\" data-name=\"tipus-servei\"><select class=\"wpcf7-form-control wpcf7-select wpcf7-validates-as-required\" aria-required=\"true\" aria-invalid=\"false\" name=\"tipus-servei\"><option value=\"\">&#8212;Por favor, elige una opci\u00f3n&#8212;<\/option><option value=\"Servei de sonoritzaci\u00f3 i il\u00b7luminaci\u00f3\">Servei de sonoritzaci\u00f3 i il\u00b7luminaci\u00f3<\/option><option value=\"Lloguer de material\">Alquiler de material<\/option><option value=\"Reparaci\u00f3\">Reparaci\u00f3<\/option><option value=\"Consulta\">Consulta<\/option><option value=\"Productes ocasi\u00f3\">Productes ocasi\u00f3<\/option><option value=\"Presentaci\u00f3 de curr\u00edculum\">Presentaci\u00f3 de curr\u00edculum<\/option><option value=\"Altres\">Altres<\/option><\/select><\/span><\/label>\n<\/p>\n<p><label> Assumpte<br \/>\n<span class=\"wpcf7-form-control-wrap\" data-name=\"your-subject\"><input size=\"40\" maxlength=\"400\" class=\"wpcf7-form-control wpcf7-text\" aria-invalid=\"false\" value=\"\" type=\"text\" name=\"your-subject\" \/><\/span> <\/label>\n<\/p>\n<p><label> Missatge (obligatori)<br \/>\n<span class=\"wpcf7-form-control-wrap\" data-name=\"your-message\"><textarea cols=\"40\" rows=\"10\" maxlength=\"2000\" class=\"wpcf7-form-control wpcf7-textarea wpcf7-validates-as-required\" aria-required=\"true\" aria-invalid=\"false\" name=\"your-message\"><\/textarea><\/span> <\/label>\n<\/p>\n<p><input class=\"wpcf7-form-control wpcf7-submit has-spinner\" type=\"submit\" value=\"Enviar\" \/>\n<\/p><p style=\"display: none !important;\" class=\"akismet-fields-container\" data-prefix=\"_wpcf7_ak_\"><label>&#916;<textarea name=\"_wpcf7_ak_hp_textarea\" cols=\"45\" rows=\"8\" maxlength=\"100\"><\/textarea><\/label><input type=\"hidden\" id=\"ak_js_1\" name=\"_wpcf7_ak_js\" value=\"97\"\/><script>document.getElementById( \"ak_js_1\" ).setAttribute( \"value\", ( new Date() ).getTime() );<\/script><\/p><div class=\"wpcf7-response-output\" aria-hidden=\"true\"><\/div>\n<input type=\"hidden\" name=\"trp-form-language\" value=\"es\"\/><\/form>\n<\/div>\n\n\t\t<\/div>\n\t<\/div>\n<\/div><\/div><\/div><\/div><\/div><div class=\"vc_row wpb_row vc_row-fluid edgtf-section edgtf-content-aligment-left\" style=\"\"><div class=\"clearfix edgtf-full-section-inner\"><div class=\"wpb_animate_when_almost_visible wpb_fadeIn fadeIn wpb_column vc_column_container vc_col-sm-12\"><div class=\"vc_column-inner\"><div class=\"wpb_wrapper\">\n\t<div class=\"wpb_raw_code wpb_raw_html wpb_content_element vc_custom_1586110241266\" >\n\t\t<div class=\"wpb_wrapper\">\n\t\t\t<iframe loading=\"lazy\" src=\"https:\/\/www.google.com\/maps\/embed?pb=!1m18!1m12!1m3!1d2956.4486225462056!2d2.4941542154507164!3d42.18347437919917!2m3!1f0!2f0!3f0!3m2!1i1024!2i768!4f13.1!3m3!1m2!1s0x12bacaf6be6e4e8f%3A0xb92511e602a4a911!2sCLIP%20So%2FLlum%2FImatge!5e0!3m2!1sca!2ses!4v1586110046976!5m2!1sca!2ses\" width=\"1100\" height=\"400\" frameborder=\"0\" style=\"border:0;\" allowfullscreen=\"\" aria-hidden=\"false\" tabindex=\"0\"><\/iframe>\n\t\t<\/div>\n\t<\/div>\n<\/div><\/div><\/div><\/div><\/div><\/div>","protected":false},"excerpt":{"rendered":"Ens trobar\u00e0s al carrer Verge de la Guia, 18 d'Olot, de dilluns a divendres de 9h a 14h. &nbsp; Tamb\u00e9 estem a la teva disposici\u00f3 al tel\u00e8fon 872 26 12 34 o b\u00e9 escriu-nos mitjan\u00e7ant el formulari de contacte i ens posarem en contacte amb [...]","protected":false},"author":1,"featured_media":0,"parent":0,"menu_order":0,"comment_status":"closed","ping_status":"closed","template":"","meta":{"footnotes":""},"class_list":["post-18","page","type-page","status-publish","hentry"],"yoast_head":"<!-- This site is optimized with the Yoast SEO plugin v24.8.1 - https:\/\/yoast.com\/wordpress\/plugins\/seo\/ -->\n<title>Contacte - CLIP So\/Llum\/Imatge<\/title>\n<meta name=\"robots\" content=\"index, follow, max-snippet:-1, max-image-preview:large, max-video-preview:-1\" \/>\n<link rel=\"canonical\" href=\"https:\/\/clipsoillum.com\/es\/contacte\/\" \/>\n<meta property=\"og:locale\" content=\"es_ES\" \/>\n<meta property=\"og:type\" content=\"article\" \/>\n<meta property=\"og:title\" content=\"Contacte - CLIP So\/Llum\/Imatge\" \/>\n<meta property=\"og:url\" content=\"https:\/\/clipsoillum.com\/es\/contacte\/\" \/>\n<meta property=\"og:site_name\" content=\"CLIP So\/Llum\/Imatge\" \/>\n<meta property=\"article:publisher\" content=\"http:\/\/www.facebook.com\/clipsollumimatge\" \/>\n<meta property=\"article:modified_time\" content=\"2024-04-19T07:01:55+00:00\" \/>\n<meta name=\"twitter:card\" content=\"summary_large_image\" \/>\n<meta name=\"twitter:label1\" content=\"Tiempo de lectura\" \/>\n\t<meta name=\"twitter:data1\" content=\"1 minuto\" \/>\n<script type=\"application\/ld+json\" class=\"yoast-schema-graph\">{\"@context\":\"https:\/\/schema.org\",\"@graph\":[{\"@type\":\"WebPage\",\"@id\":\"https:\/\/clipsoillum.com\/contacte\/\",\"url\":\"https:\/\/clipsoillum.com\/contacte\/\",\"name\":\"Contacte - CLIP So\/Llum\/Imatge\",\"isPartOf\":{\"@id\":\"https:\/\/clipsoillum.com\/#website\"},\"datePublished\":\"2018-01-13T09:38:46+00:00\",\"dateModified\":\"2024-04-19T07:01:55+00:00\",\"breadcrumb\":{\"@id\":\"https:\/\/clipsoillum.com\/contacte\/#breadcrumb\"},\"inLanguage\":\"es\",\"potentialAction\":[{\"@type\":\"ReadAction\",\"target\":[\"https:\/\/clipsoillum.com\/contacte\/\"]}]},{\"@type\":\"BreadcrumbList\",\"@id\":\"https:\/\/clipsoillum.com\/contacte\/#breadcrumb\",\"itemListElement\":[{\"@type\":\"ListItem\",\"position\":1,\"name\":\"Portada\",\"item\":\"https:\/\/clipsoillum.com\/\"},{\"@type\":\"ListItem\",\"position\":2,\"name\":\"Contacte\"}]},{\"@type\":\"WebSite\",\"@id\":\"https:\/\/clipsoillum.com\/#website\",\"url\":\"https:\/\/clipsoillum.com\/\",\"name\":\"CLIP So\/Llum\/Imatge\",\"description\":\"\",\"publisher\":{\"@id\":\"https:\/\/clipsoillum.com\/#organization\"},\"potentialAction\":[{\"@type\":\"SearchAction\",\"target\":{\"@type\":\"EntryPoint\",\"urlTemplate\":\"https:\/\/clipsoillum.com\/?s={search_term_string}\"},\"query-input\":{\"@type\":\"PropertyValueSpecification\",\"valueRequired\":true,\"valueName\":\"search_term_string\"}}],\"inLanguage\":\"es\"},{\"@type\":\"Organization\",\"@id\":\"https:\/\/clipsoillum.com\/#organization\",\"name\":\"Clip So\/Llum\/Imatge\",\"url\":\"https:\/\/clipsoillum.com\/\",\"logo\":{\"@type\":\"ImageObject\",\"inLanguage\":\"es\",\"@id\":\"https:\/\/clipsoillum.com\/#\/schema\/logo\/image\/\",\"url\":\"\",\"contentUrl\":\"\",\"caption\":\"Clip So\/Llum\/Imatge\"},\"image\":{\"@id\":\"https:\/\/clipsoillum.com\/#\/schema\/logo\/image\/\"},\"sameAs\":[\"http:\/\/www.facebook.com\/clipsollumimatge\",\"https:\/\/www.instagram.com\/clip_so_llum_imatge\/\"]}]}<\/script>\n<!-- \/ Yoast SEO plugin. -->","yoast_head_json":{"title":"Contacte - CLIP So\/Llum\/Imatge","robots":{"index":"index","follow":"follow","max-snippet":"max-snippet:-1","max-image-preview":"max-image-preview:large","max-video-preview":"max-video-preview:-1"},"canonical":"https:\/\/clipsoillum.com\/es\/contacte\/","og_locale":"es_ES","og_type":"article","og_title":"Contacte - CLIP So\/Llum\/Imatge","og_url":"https:\/\/clipsoillum.com\/es\/contacte\/","og_site_name":"CLIP So\/Llum\/Imatge","article_publisher":"http:\/\/www.facebook.com\/clipsollumimatge","article_modified_time":"2024-04-19T07:01:55+00:00","twitter_card":"summary_large_image","twitter_misc":{"Tiempo de lectura":"1 minuto"},"schema":{"@context":"https:\/\/schema.org","@graph":[{"@type":"WebPage","@id":"https:\/\/clipsoillum.com\/contacte\/","url":"https:\/\/clipsoillum.com\/contacte\/","name":"Contacte - CLIP So\/Llum\/Imatge","isPartOf":{"@id":"https:\/\/clipsoillum.com\/#website"},"datePublished":"2018-01-13T09:38:46+00:00","dateModified":"2024-04-19T07:01:55+00:00","breadcrumb":{"@id":"https:\/\/clipsoillum.com\/contacte\/#breadcrumb"},"inLanguage":"es","potentialAction":[{"@type":"ReadAction","target":["https:\/\/clipsoillum.com\/contacte\/"]}]},{"@type":"BreadcrumbList","@id":"https:\/\/clipsoillum.com\/contacte\/#breadcrumb","itemListElement":[{"@type":"ListItem","position":1,"name":"Portada","item":"https:\/\/clipsoillum.com\/"},{"@type":"ListItem","position":2,"name":"Contacte"}]},{"@type":"WebSite","@id":"https:\/\/clipsoillum.com\/#website","url":"https:\/\/clipsoillum.com\/","name":"CLIP So\/Llum\/Imatge","description":"","publisher":{"@id":"https:\/\/clipsoillum.com\/#organization"},"potentialAction":[{"@type":"SearchAction","target":{"@type":"EntryPoint","urlTemplate":"https:\/\/clipsoillum.com\/?s={search_term_string}"},"query-input":{"@type":"PropertyValueSpecification","valueRequired":true,"valueName":"search_term_string"}}],"inLanguage":"es"},{"@type":"Organization","@id":"https:\/\/clipsoillum.com\/#organization","name":"Clip So\/Llum\/Imatge","url":"https:\/\/clipsoillum.com\/","logo":{"@type":"ImageObject","inLanguage":"es","@id":"https:\/\/clipsoillum.com\/#\/schema\/logo\/image\/","url":"","contentUrl":"","caption":"Clip So\/Llum\/Imatge"},"image":{"@id":"https:\/\/clipsoillum.com\/#\/schema\/logo\/image\/"},"sameAs":["http:\/\/www.facebook.com\/clipsollumimatge","https:\/\/www.instagram.com\/clip_so_llum_imatge\/"]}]}},"_links":{"self":[{"href":"https:\/\/clipsoillum.com\/es\/wp-json\/wp\/v2\/pages\/18","targetHints":{"allow":["GET"]}}],"collection":[{"href":"https:\/\/clipsoillum.com\/es\/wp-json\/wp\/v2\/pages"}],"about":[{"href":"https:\/\/clipsoillum.com\/es\/wp-json\/wp\/v2\/types\/page"}],"author":[{"embeddable":true,"href":"https:\/\/clipsoillum.com\/es\/wp-json\/wp\/v2\/users\/1"}],"replies":[{"embeddable":true,"href":"https:\/\/clipsoillum.com\/es\/wp-json\/wp\/v2\/comments?post=18"}],"version-history":[{"count":48,"href":"https:\/\/clipsoillum.com\/es\/wp-json\/wp\/v2\/pages\/18\/revisions"}],"predecessor-version":[{"id":1049,"href":"https:\/\/clipsoillum.com\/es\/wp-json\/wp\/v2\/pages\/18\/revisions\/1049"}],"wp:attachment":[{"href":"https:\/\/clipsoillum.com\/es\/wp-json\/wp\/v2\/media?parent=18"}],"curies":[{"name":"wp","href":"https:\/\/api.w.org\/{rel}","templated":true}]}}