{"id":1017,"date":"2024-04-16T01:23:21","date_gmt":"2024-04-16T00:23:21","guid":{"rendered":"https:\/\/clipsoillum.com\/?page_id=1017"},"modified":"2026-01-19T16:52:11","modified_gmt":"2026-01-19T15:52:11","slug":"serveis","status":"publish","type":"page","link":"https:\/\/clipsoillum.com\/es\/serveis\/","title":{"rendered":"Servicios"},"content":{"rendered":"<div class=\"wpb-content-wrapper\"><div class=\"vc_row wpb_row vc_row-fluid edgtf-section edgtf-content-aligment-left\" style=\"\"><div class=\"clearfix edgtf-full-section-inner\"><div data-vc-parallax=\"1.5\" data-vc-parallax-o-fade=\"on\" data-vc-parallax-image=\"https:\/\/clipsoillum.com\/wp-content\/uploads\/2026\/01\/IMG_4010-scaled-e1768837690495.jpg\" class=\"wpb_column vc_column_container vc_col-sm-12 vc_col-has-fill vc_general vc_parallax vc_parallax-content-moving-fade js-vc_parallax-o-fade\"><div class=\"vc_column-inner vc_custom_1768837920019\"><div class=\"wpb_wrapper\">\n\t<div class=\"wpb_text_column wpb_content_element vc_custom_1713458662931\" >\n\t\t<div class=\"wpb_wrapper\">\n\t\t\t<h2 style=\"text-align: center;\"><span style=\"color: #ffffff;\">ELS SERVEIS<\/span><\/h2>\n\n\t\t<\/div>\n\t<\/div>\n<\/div><\/div><\/div><\/div><\/div><div class=\"vc_row wpb_row vc_row-fluid edgtf-section vc_custom_1713227742152 edgtf-content-aligment-left edgtf-grid-section\" style=\"\"><div class=\"clearfix edgtf-section-inner\"><div class=\"edgtf-section-inner-margin clearfix\"><div class=\"wpb_column vc_column_container vc_col-sm-12\"><div class=\"vc_column-inner vc_custom_1586276241433\"><div class=\"wpb_wrapper\">\n\t<div class=\"wpb_text_column wpb_content_element\" >\n\t\t<div class=\"wpb_wrapper\">\n\t\t\t<h4><span style=\"color: #000000;\">CLIP \u00e9s una empresa dedicada principalment a realitzar muntatges audiovisuals per a esdeveniments de tot tipus.<\/span><\/h4>\n<h4><span style=\"color: #000000;\">Tot i aix\u00f2 el nostre equip us pot assessorar en diferents tipus de projectes.<\/span><\/h4>\n\n\t\t<\/div>\n\t<\/div>\n<\/div><\/div><\/div><\/div><\/div><\/div><div data-edgtf-anchor=\"serveis-1\" class=\"vc_row wpb_row vc_row-fluid edgtf-section edgtf-content-aligment-left edgtf-grid-section\" style=\"\"><div class=\"clearfix edgtf-section-inner\"><div class=\"edgtf-section-inner-margin clearfix\"><div class=\"wpb_animate_when_almost_visible wpb_top-to-bottom top-to-bottom wpb_column vc_column_container vc_col-sm-6\"><div class=\"vc_column-inner vc_custom_1586276179681\"><div class=\"wpb_wrapper\">\n\t<div class=\"wpb_text_column wpb_content_element vc_custom_1714329804623\" >\n\t\t<div class=\"wpb_wrapper\">\n\t\t\t<h3>Espect\u00e1culos<\/h3>\n<p>&nbsp;<\/p>\n<h4>L\u2019activitat que ens ha acompanyat des dels nostres inicis. Realitzem muntatges de so i il\u00b7luminaci\u00f3 espectacular per a qualsevol esdeveniment cultural, ja sigui m\u00fasica, dansa, circ, gales d&#8217;entregues de premis, finals de curs, etc. Amb material de primeres marques i personal qualificat, oferim als promotors, grups i t\u00e8cnics un servei de qualitat per poder dur a terme els esdeveniments amb la major efectivitat possible.<\/h4>\n\n\t\t<\/div>\n\t<\/div>\n<\/div><\/div><\/div><div class=\"wpb_animate_when_almost_visible wpb_top-to-bottom top-to-bottom wpb_column vc_column_container vc_col-sm-6\"><div class=\"vc_column-inner vc_custom_1586276184541\"><div class=\"wpb_wrapper\">\n\t<div class=\"wpb_text_column wpb_content_element vc_custom_1713509253238\" >\n\t\t<div class=\"wpb_wrapper\">\n\t\t\t<h3>Corporativo<\/h3>\n<p>&nbsp;<\/p>\n<h4>On la discreci\u00f3, la qualitat del material, la simplificaci\u00f3 o el minimalisme s\u00f3n aspectes essencials, CLIP posa a disposici\u00f3 d\u2019empreses, promotors o ag\u00e8ncies un servei integral amb muntatges innovadors i elegants.<\/h4>\n<h4><\/h4>\n<h4>Ja siguin reunions d\u2019empreses on es requereixi una pantalla de projecci\u00f3, o b\u00e9 showrooms de productes amb il\u00b7luminaci\u00f3 led o sense-fils, estem a la vostra disposici\u00f3 per poder assessorar-vos amb el vostre esdeveniment.<\/h4>\n\n\t\t<\/div>\n\t<\/div>\n<\/div><\/div><\/div><\/div><\/div><\/div><div data-edgtf-anchor=\"serveis-2\" class=\"vc_row wpb_row vc_row-fluid edgtf-section vc_custom_1586337349566 edgtf-content-aligment-left edgtf-grid-section\" style=\"\"><div class=\"clearfix edgtf-section-inner\"><div class=\"edgtf-section-inner-margin clearfix\"><div class=\"wpb_animate_when_almost_visible wpb_top-to-bottom top-to-bottom wpb_column vc_column_container vc_col-sm-6\"><div class=\"vc_column-inner vc_custom_1586276203047\"><div class=\"wpb_wrapper\">\n\t<div class=\"wpb_text_column wpb_content_element vc_custom_1713509279396\" >\n\t\t<div class=\"wpb_wrapper\">\n\t\t\t<h3>Realitzacions en v\u00eddeo i Streaming<\/h3>\n<h4><\/h4>\n<p>&nbsp;<\/p>\n<h4>Disposem de material d&#8217;alta gamma per a dur a terme realitzacions en v\u00eddeo de qualsevol format. Gravacions d&#8217;actes, seguiment i emissi\u00f3 a plataformes com YouTube, Zoom, Teams, etc.<\/h4>\n<h4><\/h4>\n<h4>Realitzem en v\u00eddeo qualsevol tipus d&#8217;actes, adaptant-nos a les necessitats de cada client. Des de concerts, reunions, confer\u00e8ncies, actes culturals, actes pol\u00edtics, etc.<\/h4>\n<h4><\/h4>\n<h4><\/h4>\n\n\t\t<\/div>\n\t<\/div>\n<\/div><\/div><\/div><div class=\"wpb_animate_when_almost_visible wpb_top-to-bottom top-to-bottom wpb_column vc_column_container vc_col-sm-6\"><div class=\"vc_column-inner vc_custom_1586276208200\"><div class=\"wpb_wrapper\">\n\t<div class=\"wpb_text_column wpb_content_element vc_custom_1713509290216\" >\n\t\t<div class=\"wpb_wrapper\">\n\t\t\t<h3>Gesti\u00f3 de sales polivalents<\/h3>\n<h4><\/h4>\n<p>&nbsp;<\/p>\n<h4>Des de CLIP oferim tamb\u00e9 serveis t\u00e8cnics i de producci\u00f3 per a sales polivalents, on poden realitzar-s&#8217;hi concerts, confer\u00e8ncies, obres de teatre, reunions d&#8217;empreses, i en general qualsevol acte multitudinari. Aquest servei inclou tota la producci\u00f3 t\u00e8cnica, manteniment de la sala, lloguer del material extraordinari que es requereixi, gesti\u00f3 del personal t\u00e8cnic, control d&#8217;acc\u00e9s i venda d&#8217;entrades.<\/h4>\n<h4><\/h4>\n<h4>Actualment CLIP \u00e9s l&#8217;empresa responsable t\u00e8cnica i log\u00edstica de la <strong>Sala El Tor\u00edn d&#8217;Olot<\/strong>. Una sala polivalent i adaptable a qualsevol necessitat.<\/h4>\n\n\t\t<\/div>\n\t<\/div>\n<\/div><\/div><\/div><\/div><\/div><\/div><div data-edgtf-anchor=\"serveis-3\" class=\"vc_row wpb_row vc_row-fluid edgtf-section vc_custom_1612702205201 edgtf-content-aligment-left edgtf-grid-section\" style=\"\"><div class=\"clearfix edgtf-section-inner\"><div class=\"edgtf-section-inner-margin clearfix\"><div class=\"wpb_animate_when_almost_visible wpb_top-to-bottom top-to-bottom wpb_column vc_column_container vc_col-sm-6\"><div class=\"vc_column-inner vc_custom_1586276203047\"><div class=\"wpb_wrapper\">\n\t<div class=\"wpb_text_column wpb_content_element vc_custom_1713509298275\" >\n\t\t<div class=\"wpb_wrapper\">\n\t\t\t<h3>Instal\u00b7laci\u00f3, venda i reparaci\u00f3<\/h3>\n<h4><\/h4>\n<p>&nbsp;<\/p>\n<h4>Oferim assessorament en la venda i instal\u00b7laci\u00f3 de material audiovisual. Sempre mantenint el nostre segell de qualitat, oferint material reconegut al mercat actual, adequat a les necessitats del client i aptes per tal que es pugui dur a terme un servei post-venda amb les millors condicions possibles.<\/h4>\n<h4><\/h4>\n<h4>Tanmateix, oferim servei t\u00e8cnic per a la reparaci\u00f3 de material, tramitaci\u00f3 de garanties, RMA&#8217;s, etc. Envieu-nos un missatge al formulari de contacte amb el material a reparar i us farem arribar una valoraci\u00f3.<\/h4>\n\n\t\t<\/div>\n\t<\/div>\n<\/div><\/div><\/div><div class=\"wpb_animate_when_almost_visible wpb_top-to-bottom top-to-bottom wpb_column vc_column_container vc_col-sm-6\"><div class=\"vc_column-inner vc_custom_1586276208200\"><div class=\"wpb_wrapper\">\n\t<div class=\"wpb_text_column wpb_content_element vc_custom_1714331938396\" >\n\t\t<div class=\"wpb_wrapper\">\n\t\t\t<h3>Alquiler de material<\/h3>\n<p>&nbsp;<\/p>\n<h4>Posem a la vostra disposici\u00f3 una \u00e0mplia gamma de productes en r\u00e8gim de lloguer per el vostre esdeveniment. Ja siguin micr\u00f2fons, altaveus, taules de so, cablejat, focus, estructura&#8230;<\/h4>\n<h4><\/h4>\n<h4>Treballem amb primeres marques del mercat, amb constant renovaci\u00f3 i actualitzaci\u00f3 del material per assegurar-ne la fiabilitat, i en conseq\u00fc\u00e8ncia l&#8217;\u00e8xit del vostre esdeveniment.<\/h4>\n<h4><\/h4>\n<h4><\/h4>\n\n\t\t<\/div>\n\t<\/div>\n<\/div><\/div><\/div><\/div><\/div><\/div><div data-edgtf-anchor=\"serveis-4\" class=\"vc_row wpb_row vc_row-fluid edgtf-section vc_custom_1612702210277 edgtf-content-aligment-left edgtf-grid-section\" style=\"\"><div class=\"clearfix edgtf-section-inner\"><div class=\"edgtf-section-inner-margin clearfix\"><div class=\"wpb_animate_when_almost_visible wpb_top-to-bottom top-to-bottom wpb_column vc_column_container vc_col-sm-3\"><div class=\"vc_column-inner vc_custom_1586276203047\"><div class=\"wpb_wrapper\"><\/div><\/div><\/div><div class=\"wpb_animate_when_almost_visible wpb_top-to-bottom top-to-bottom wpb_column vc_column_container vc_col-sm-6\"><div class=\"vc_column-inner vc_custom_1586276208200\"><div class=\"wpb_wrapper\">\n\t<div class=\"wpb_text_column wpb_content_element vc_custom_1713509187454\" >\n\t\t<div class=\"wpb_wrapper\">\n\t\t\t<h3>Condicionament ac\u00fastic d&#8217;espais<\/h3>\n<p>&nbsp;<\/p>\n<h4>Realitzem estudis ac\u00fastics en sales o auditoris on la sonoritat no \u00e9s apte per poder-hi fer reunions, confer\u00e8ncies, cinema o teatre.<\/h4>\n<h4><\/h4>\n<h4>Els problemes ac\u00fastics s\u00f3n comuns en moltes sales polivalents, destinades a realitzar-hi reunions o qualsevol tipus d\u2019acte. Alguns dels habituals es produeixen quan els interlocutors no poden sentir-se b\u00e9 entre ells, o quan parlen 2 o m\u00e9s persones de cop ning\u00fa ent\u00e9n el missatge, o b\u00e9, quan no s&#8217;entenen els di\u00e0legs d&#8217;una pel\u00b7l\u00edcula que es vol passar a la sala, etc.<\/h4>\n<h4><\/h4>\n<h4>Realitzarem una visita a l\u2019espai. En aquesta visita es prenen mesures ac\u00fastiques i f\u00edsiques d\u2019on extraurem les dades per poder oferir una proposta de millora. Realitzem propostes amb material de condicionament ac\u00fastic de marques d\u2019alta qualitat per poder millorar el problema d\u2019ac\u00fastica amb la major efectivitat possible, \u00e9s a dir, minimitzant el cost de l&#8217;acci\u00f3.<\/h4>\n\n\t\t<\/div>\n\t<\/div>\n<\/div><\/div><\/div><div class=\"wpb_column vc_column_container vc_col-sm-3\"><div class=\"vc_column-inner\"><div class=\"wpb_wrapper\"><\/div><\/div><\/div><\/div><\/div><\/div><div class=\"vc_row wpb_row vc_row-fluid edgtf-section edgtf-content-aligment-left\" style=\"\"><div class=\"clearfix edgtf-full-section-inner\"><div class=\"wpb_column vc_column_container vc_col-sm-12\"><div class=\"vc_column-inner\"><div class=\"wpb_wrapper\"><div class=\"vc_empty_space\"   style=\"height: 32px\"><span class=\"vc_empty_space_inner\"><\/span><\/div><\/div><\/div><\/div><\/div><\/div>\n<\/div>","protected":false},"excerpt":{"rendered":"ELS SERVEIS CLIP \u00e9s una empresa dedicada principalment a realitzar muntatges audiovisuals per a esdeveniments de tot tipus. Tot i aix\u00f2 el nostre equip us pot assessorar en diferents tipus de projectes. Espectacles &nbsp; L\u2019activitat que ens ha acompanyat des dels nostres inicis. Realitzem muntatges [...]","protected":false},"author":3,"featured_media":0,"parent":0,"menu_order":0,"comment_status":"closed","ping_status":"closed","template":"full-width.php","meta":{"footnotes":""},"class_list":["post-1017","page","type-page","status-publish","hentry"],"yoast_head":"<!-- This site is optimized with the Yoast SEO plugin v24.8.1 - https:\/\/yoast.com\/wordpress\/plugins\/seo\/ -->\n<title>Serveis - CLIP So\/Llum\/Imatge<\/title>\n<meta name=\"robots\" content=\"index, follow, max-snippet:-1, max-image-preview:large, max-video-preview:-1\" \/>\n<link rel=\"canonical\" href=\"https:\/\/clipsoillum.com\/es\/serveis\/\" \/>\n<meta property=\"og:locale\" content=\"es_ES\" \/>\n<meta property=\"og:type\" content=\"article\" \/>\n<meta property=\"og:title\" content=\"Serveis - CLIP So\/Llum\/Imatge\" \/>\n<meta property=\"og:url\" content=\"https:\/\/clipsoillum.com\/es\/serveis\/\" \/>\n<meta property=\"og:site_name\" content=\"CLIP So\/Llum\/Imatge\" \/>\n<meta property=\"article:publisher\" content=\"http:\/\/www.facebook.com\/clipsollumimatge\" \/>\n<meta property=\"article:modified_time\" content=\"2026-01-19T15:52:11+00:00\" \/>\n<meta name=\"twitter:card\" content=\"summary_large_image\" \/>\n<meta name=\"twitter:label1\" content=\"Tiempo de lectura\" \/>\n\t<meta name=\"twitter:data1\" content=\"5 minutos\" \/>\n<script type=\"application\/ld+json\" class=\"yoast-schema-graph\">{\"@context\":\"https:\/\/schema.org\",\"@graph\":[{\"@type\":\"WebPage\",\"@id\":\"https:\/\/clipsoillum.com\/serveis\/\",\"url\":\"https:\/\/clipsoillum.com\/serveis\/\",\"name\":\"Serveis - CLIP So\/Llum\/Imatge\",\"isPartOf\":{\"@id\":\"https:\/\/clipsoillum.com\/#website\"},\"datePublished\":\"2024-04-16T00:23:21+00:00\",\"dateModified\":\"2026-01-19T15:52:11+00:00\",\"breadcrumb\":{\"@id\":\"https:\/\/clipsoillum.com\/serveis\/#breadcrumb\"},\"inLanguage\":\"es\",\"potentialAction\":[{\"@type\":\"ReadAction\",\"target\":[\"https:\/\/clipsoillum.com\/serveis\/\"]}]},{\"@type\":\"BreadcrumbList\",\"@id\":\"https:\/\/clipsoillum.com\/serveis\/#breadcrumb\",\"itemListElement\":[{\"@type\":\"ListItem\",\"position\":1,\"name\":\"Portada\",\"item\":\"https:\/\/clipsoillum.com\/\"},{\"@type\":\"ListItem\",\"position\":2,\"name\":\"Serveis\"}]},{\"@type\":\"WebSite\",\"@id\":\"https:\/\/clipsoillum.com\/#website\",\"url\":\"https:\/\/clipsoillum.com\/\",\"name\":\"CLIP So\/Llum\/Imatge\",\"description\":\"\",\"publisher\":{\"@id\":\"https:\/\/clipsoillum.com\/#organization\"},\"potentialAction\":[{\"@type\":\"SearchAction\",\"target\":{\"@type\":\"EntryPoint\",\"urlTemplate\":\"https:\/\/clipsoillum.com\/?s={search_term_string}\"},\"query-input\":{\"@type\":\"PropertyValueSpecification\",\"valueRequired\":true,\"valueName\":\"search_term_string\"}}],\"inLanguage\":\"es\"},{\"@type\":\"Organization\",\"@id\":\"https:\/\/clipsoillum.com\/#organization\",\"name\":\"Clip So\/Llum\/Imatge\",\"url\":\"https:\/\/clipsoillum.com\/\",\"logo\":{\"@type\":\"ImageObject\",\"inLanguage\":\"es\",\"@id\":\"https:\/\/clipsoillum.com\/#\/schema\/logo\/image\/\",\"url\":\"\",\"contentUrl\":\"\",\"caption\":\"Clip So\/Llum\/Imatge\"},\"image\":{\"@id\":\"https:\/\/clipsoillum.com\/#\/schema\/logo\/image\/\"},\"sameAs\":[\"http:\/\/www.facebook.com\/clipsollumimatge\",\"https:\/\/www.instagram.com\/clip_so_llum_imatge\/\"]}]}<\/script>\n<!-- \/ Yoast SEO plugin. -->","yoast_head_json":{"title":"Serveis - CLIP So\/Llum\/Imatge","robots":{"index":"index","follow":"follow","max-snippet":"max-snippet:-1","max-image-preview":"max-image-preview:large","max-video-preview":"max-video-preview:-1"},"canonical":"https:\/\/clipsoillum.com\/es\/serveis\/","og_locale":"es_ES","og_type":"article","og_title":"Serveis - CLIP So\/Llum\/Imatge","og_url":"https:\/\/clipsoillum.com\/es\/serveis\/","og_site_name":"CLIP So\/Llum\/Imatge","article_publisher":"http:\/\/www.facebook.com\/clipsollumimatge","article_modified_time":"2026-01-19T15:52:11+00:00","twitter_card":"summary_large_image","twitter_misc":{"Tiempo de lectura":"5 minutos"},"schema":{"@context":"https:\/\/schema.org","@graph":[{"@type":"WebPage","@id":"https:\/\/clipsoillum.com\/serveis\/","url":"https:\/\/clipsoillum.com\/serveis\/","name":"Serveis - CLIP So\/Llum\/Imatge","isPartOf":{"@id":"https:\/\/clipsoillum.com\/#website"},"datePublished":"2024-04-16T00:23:21+00:00","dateModified":"2026-01-19T15:52:11+00:00","breadcrumb":{"@id":"https:\/\/clipsoillum.com\/serveis\/#breadcrumb"},"inLanguage":"es","potentialAction":[{"@type":"ReadAction","target":["https:\/\/clipsoillum.com\/serveis\/"]}]},{"@type":"BreadcrumbList","@id":"https:\/\/clipsoillum.com\/serveis\/#breadcrumb","itemListElement":[{"@type":"ListItem","position":1,"name":"Portada","item":"https:\/\/clipsoillum.com\/"},{"@type":"ListItem","position":2,"name":"Serveis"}]},{"@type":"WebSite","@id":"https:\/\/clipsoillum.com\/#website","url":"https:\/\/clipsoillum.com\/","name":"CLIP So\/Llum\/Imatge","description":"","publisher":{"@id":"https:\/\/clipsoillum.com\/#organization"},"potentialAction":[{"@type":"SearchAction","target":{"@type":"EntryPoint","urlTemplate":"https:\/\/clipsoillum.com\/?s={search_term_string}"},"query-input":{"@type":"PropertyValueSpecification","valueRequired":true,"valueName":"search_term_string"}}],"inLanguage":"es"},{"@type":"Organization","@id":"https:\/\/clipsoillum.com\/#organization","name":"Clip So\/Llum\/Imatge","url":"https:\/\/clipsoillum.com\/","logo":{"@type":"ImageObject","inLanguage":"es","@id":"https:\/\/clipsoillum.com\/#\/schema\/logo\/image\/","url":"","contentUrl":"","caption":"Clip So\/Llum\/Imatge"},"image":{"@id":"https:\/\/clipsoillum.com\/#\/schema\/logo\/image\/"},"sameAs":["http:\/\/www.facebook.com\/clipsollumimatge","https:\/\/www.instagram.com\/clip_so_llum_imatge\/"]}]}},"_links":{"self":[{"href":"https:\/\/clipsoillum.com\/es\/wp-json\/wp\/v2\/pages\/1017","targetHints":{"allow":["GET"]}}],"collection":[{"href":"https:\/\/clipsoillum.com\/es\/wp-json\/wp\/v2\/pages"}],"about":[{"href":"https:\/\/clipsoillum.com\/es\/wp-json\/wp\/v2\/types\/page"}],"author":[{"embeddable":true,"href":"https:\/\/clipsoillum.com\/es\/wp-json\/wp\/v2\/users\/3"}],"replies":[{"embeddable":true,"href":"https:\/\/clipsoillum.com\/es\/wp-json\/wp\/v2\/comments?post=1017"}],"version-history":[{"count":14,"href":"https:\/\/clipsoillum.com\/es\/wp-json\/wp\/v2\/pages\/1017\/revisions"}],"predecessor-version":[{"id":1220,"href":"https:\/\/clipsoillum.com\/es\/wp-json\/wp\/v2\/pages\/1017\/revisions\/1220"}],"wp:attachment":[{"href":"https:\/\/clipsoillum.com\/es\/wp-json\/wp\/v2\/media?parent=1017"}],"curies":[{"name":"wp","href":"https:\/\/api.w.org\/{rel}","templated":true}]}}